{"id":171729,"date":"2024-10-24T10:27:57","date_gmt":"2024-10-24T08:27:57","guid":{"rendered":"https:\/\/shop.moldbrothers.com\/?post_type=product&#038;p=171729"},"modified":"2025-10-20T14:27:07","modified_gmt":"2025-10-20T12:27:07","slug":"pithivier-set-dome-mold","status":"publish","type":"product","link":"https:\/\/shop.moldbrothers.com\/de\/produkt\/pithivier-set-dome-mold\/","title":{"rendered":"Pithivier-Satz - Kuppel Mold"},"content":{"rendered":"<div class=\"wp-block-columns is-layout-flex wp-container-core-columns-is-layout-9d6595d7 wp-block-columns-is-layout-flex\">\n<div class=\"wp-block-column is-vertically-aligned-center is-layout-flow wp-block-column-is-layout-flow\" style=\"flex-basis:50%\">\n<figure class=\"wp-block-image size-full\"><a href=\"https:\/\/shop.moldbrothers.com\/wp-content\/uploads\/2024\/10\/Image.jpg\"><img decoding=\"async\" width=\"701\" height=\"1067\" src=\"https:\/\/shop.moldbrothers.com\/wp-content\/uploads\/2024\/10\/Image-edited.jpg\" alt=\"\" class=\"wp-image-171727\" srcset=\"https:\/\/shop.moldbrothers.com\/wp-content\/uploads\/2024\/10\/Image-edited.jpg 701w, https:\/\/shop.moldbrothers.com\/wp-content\/uploads\/2024\/10\/Image-edited-8x12.jpg 8w\" sizes=\"(max-width: 701px) 100vw, 701px\" \/><\/a><\/figure>\n<\/div>\n\n\n\n<div class=\"wp-block-column is-layout-flow wp-block-column-is-layout-flow\" style=\"flex-basis:35.09%\">\n<h6 class=\"wp-block-heading\">Zusammenarbeit<\/h6>\n\n\n\n<h2 class=\"wp-block-heading\">\u00dcber Ron<\/h2>\n\n\n\n<p>Als Chefkoch des kanadischen Restaurants Canoe zelebriert Ron McKinlay kanadische Zutaten mit mehr als einem Jahrzehnt internationaler Erfahrung in Spitzenk\u00fcchen in Gro\u00dfbritannien, Australien und dem Nahen Osten. In Zusammenarbeit mit lokalen Erzeugern kreiert er Gerichte, die von Kanadas vielf\u00e4ltigen Landschaften inspiriert sind und die kanadische K\u00fcche zu neuen H\u00f6henfl\u00fcgen verhelfen.<\/p>\n<\/div>\n<\/div>\n\n\n\n<p><\/p>","protected":false},"excerpt":{"rendered":"<p>Hochwertiges Produktset zur Herstellung eines hervorragenden Pithiviers, entwickelt in Zusammenarbeit mit Ron McKinlay. Die Pithivier-Kuppel Mold enth\u00e4lt eine Form und ist aus lebensmittelechtem Silikon 100% hergestellt. Er ist f\u00fcr Temperaturen von -40\u00b0C bis +200\u00b0C geeignet und kann somit sowohl im (Schock-)Gefrierschrank als auch im Ofen verwendet werden. Das Set enth\u00e4lt auch Ausstechformen, mit denen der Teig in die richtige Form gebracht werden kann. Die Ausstechformen sind lebensmittelecht, aber <strong>nicht <\/strong>sp\u00fclmaschinengeeignet. Wir empfehlen, sie in lauwarmem Wasser ohne Sp\u00fclmittel zu waschen. *Sie erhalten au\u00dferdem eine gedruckte Rezeptkarte von Chefkoch Ron McKinlay mit seinem Rezept f\u00fcr <em>\"Huhn und Pilze\"<\/em> Pithivier.<\/p>","protected":false},"featured_media":171731,"template":"","meta":{"_seopress_robots_primary_cat":"none","_seopress_titles_title":"","_seopress_titles_desc":"","_seopress_robots_index":"yes"},"product_brand":[],"product_cat":[159,231],"product_tag":[],"woo-feed-brand":[],"class_list":{"0":"post-171729","1":"product","2":"type-product","3":"status-publish","4":"has-post-thumbnail","6":"product_cat-3dmolds","7":"product_cat-hidden","9":"first","10":"instock","11":"taxable","12":"shipping-taxable","13":"purchasable","14":"product-type-simple"},"_links":{"self":[{"href":"https:\/\/shop.moldbrothers.com\/de\/wp-json\/wp\/v2\/product\/171729","targetHints":{"allow":["GET"]}}],"collection":[{"href":"https:\/\/shop.moldbrothers.com\/de\/wp-json\/wp\/v2\/product"}],"about":[{"href":"https:\/\/shop.moldbrothers.com\/de\/wp-json\/wp\/v2\/types\/product"}],"wp:featuredmedia":[{"embeddable":true,"href":"https:\/\/shop.moldbrothers.com\/de\/wp-json\/wp\/v2\/media\/171731"}],"wp:attachment":[{"href":"https:\/\/shop.moldbrothers.com\/de\/wp-json\/wp\/v2\/media?parent=171729"}],"wp:term":[{"taxonomy":"product_brand","embeddable":true,"href":"https:\/\/shop.moldbrothers.com\/de\/wp-json\/wp\/v2\/product_brand?post=171729"},{"taxonomy":"product_cat","embeddable":true,"href":"https:\/\/shop.moldbrothers.com\/de\/wp-json\/wp\/v2\/product_cat?post=171729"},{"taxonomy":"product_tag","embeddable":true,"href":"https:\/\/shop.moldbrothers.com\/de\/wp-json\/wp\/v2\/product_tag?post=171729"},{"taxonomy":"woo-feed-brand","embeddable":true,"href":"https:\/\/shop.moldbrothers.com\/de\/wp-json\/wp\/v2\/woo-feed-brand?post=171729"}],"curies":[{"name":"wp","href":"https:\/\/api.w.org\/{rel}","templated":true}]}}