{"id":169885,"date":"2024-09-18T15:58:23","date_gmt":"2024-09-18T13:58:23","guid":{"rendered":"https:\/\/shop.moldbrothers.com\/?post_type=product&#038;p=169885"},"modified":"2025-10-20T15:09:46","modified_gmt":"2025-10-20T13:09:46","slug":"mushroom-tartelette-molds-2","status":"publish","type":"product","link":"https:\/\/shop.moldbrothers.com\/de\/produkt\/mushroom-tartelette-molds-2\/","title":{"rendered":"Pilz-Tartelette - Molds"},"content":{"rendered":"","protected":false},"excerpt":{"rendered":"<p>Hochwertige Silikonformen zur Herstellung von knusprigen Tartelettes in Form eines Pilzes. Die Tartelette Mold backt vier Tartelettes auf einmal. Im Lieferumfang ist ein Ausstecher enthalten, mit dem Sie die Gr\u00f6\u00dfe des Teigs oben auf der Form bestimmen k\u00f6nnen. Optional k\u00f6nnen Sie sich f\u00fcr das Erweiterungsset entscheiden, um Ihre Tartelettes noch realistischer zu gestalten.<\/p>\n<p>Hergestellt aus lebensmittelechtem Silikon 100%, h\u00e4lt er -40\u00b0C bis +200\u00b0C stand, geeignet f\u00fcr (Schock-)Gefrierschr\u00e4nke und \u00d6fen.<\/p>","protected":false},"featured_media":169662,"template":"","meta":{"_seopress_robots_primary_cat":"none","_seopress_titles_title":"","_seopress_titles_desc":"","_seopress_robots_index":"yes"},"product_brand":[],"product_cat":[913,231],"product_tag":[759,802,757,1035,755,758,756],"woo-feed-brand":[],"class_list":{"0":"post-169885","1":"product","2":"type-product","3":"status-publish","4":"has-post-thumbnail","6":"product_cat-tartelette-molds","7":"product_cat-hidden","8":"product_tag-dough","9":"product_tag-original","10":"product_tag-tart","11":"product_tag-tartalette","12":"product_tag-tartelette","13":"product_tag-tartellete","14":"product_tag-tartellette","16":"first","17":"instock","18":"taxable","19":"shipping-taxable","20":"purchasable","21":"product-type-simple"},"_links":{"self":[{"href":"https:\/\/shop.moldbrothers.com\/de\/wp-json\/wp\/v2\/product\/169885","targetHints":{"allow":["GET"]}}],"collection":[{"href":"https:\/\/shop.moldbrothers.com\/de\/wp-json\/wp\/v2\/product"}],"about":[{"href":"https:\/\/shop.moldbrothers.com\/de\/wp-json\/wp\/v2\/types\/product"}],"wp:featuredmedia":[{"embeddable":true,"href":"https:\/\/shop.moldbrothers.com\/de\/wp-json\/wp\/v2\/media\/169662"}],"wp:attachment":[{"href":"https:\/\/shop.moldbrothers.com\/de\/wp-json\/wp\/v2\/media?parent=169885"}],"wp:term":[{"taxonomy":"product_brand","embeddable":true,"href":"https:\/\/shop.moldbrothers.com\/de\/wp-json\/wp\/v2\/product_brand?post=169885"},{"taxonomy":"product_cat","embeddable":true,"href":"https:\/\/shop.moldbrothers.com\/de\/wp-json\/wp\/v2\/product_cat?post=169885"},{"taxonomy":"product_tag","embeddable":true,"href":"https:\/\/shop.moldbrothers.com\/de\/wp-json\/wp\/v2\/product_tag?post=169885"},{"taxonomy":"woo-feed-brand","embeddable":true,"href":"https:\/\/shop.moldbrothers.com\/de\/wp-json\/wp\/v2\/woo-feed-brand?post=169885"}],"curies":[{"name":"wp","href":"https:\/\/api.w.org\/{rel}","templated":true}]}}