{"id":169822,"date":"2024-09-23T11:45:52","date_gmt":"2024-09-23T09:45:52","guid":{"rendered":"https:\/\/shop.moldbrothers.com\/?post_type=product&#038;p=169822"},"modified":"2025-05-19T15:49:34","modified_gmt":"2025-05-19T13:49:34","slug":"spine-grid-tuille-mold","status":"publish","type":"product","link":"https:\/\/shop.moldbrothers.com\/de\/produkt\/spine-grid-tuille-mold\/","title":{"rendered":"Wirbels\u00e4ulengitter Mold - 1 St\u00fcck"},"content":{"rendered":"","protected":false},"excerpt":{"rendered":"<p>Diese Pr\u00e4zisionsform aus lebensmittelechtem Silikon 100% ist bis zu 200 \u00b0C hitzebest\u00e4ndig und hat eine vom Herbst inspirierte Form, die eine gleichm\u00e4\u00dfige Form und scharfe Details garantiert.<\/p>","protected":false},"featured_media":183725,"template":"","meta":{"_seopress_robots_primary_cat":"none","_seopress_titles_title":"","_seopress_titles_desc":"","_seopress_robots_index":"yes"},"product_brand":[],"product_cat":[228,1278,237,231],"product_tag":[],"woo-feed-brand":[],"class_list":{"0":"post-169822","1":"product","2":"type-product","3":"status-publish","4":"has-post-thumbnail","6":"product_cat-2dmolds","7":"product_cat-grid-ring","8":"product_cat-natural","9":"product_cat-hidden","11":"first","12":"instock","13":"taxable","14":"shipping-taxable","15":"purchasable","16":"product-type-simple"},"_links":{"self":[{"href":"https:\/\/shop.moldbrothers.com\/de\/wp-json\/wp\/v2\/product\/169822","targetHints":{"allow":["GET"]}}],"collection":[{"href":"https:\/\/shop.moldbrothers.com\/de\/wp-json\/wp\/v2\/product"}],"about":[{"href":"https:\/\/shop.moldbrothers.com\/de\/wp-json\/wp\/v2\/types\/product"}],"wp:featuredmedia":[{"embeddable":true,"href":"https:\/\/shop.moldbrothers.com\/de\/wp-json\/wp\/v2\/media\/183725"}],"wp:attachment":[{"href":"https:\/\/shop.moldbrothers.com\/de\/wp-json\/wp\/v2\/media?parent=169822"}],"wp:term":[{"taxonomy":"product_brand","embeddable":true,"href":"https:\/\/shop.moldbrothers.com\/de\/wp-json\/wp\/v2\/product_brand?post=169822"},{"taxonomy":"product_cat","embeddable":true,"href":"https:\/\/shop.moldbrothers.com\/de\/wp-json\/wp\/v2\/product_cat?post=169822"},{"taxonomy":"product_tag","embeddable":true,"href":"https:\/\/shop.moldbrothers.com\/de\/wp-json\/wp\/v2\/product_tag?post=169822"},{"taxonomy":"woo-feed-brand","embeddable":true,"href":"https:\/\/shop.moldbrothers.com\/de\/wp-json\/wp\/v2\/woo-feed-brand?post=169822"}],"curies":[{"name":"wp","href":"https:\/\/api.w.org\/{rel}","templated":true}]}}