{"id":169817,"date":"2024-09-23T11:40:51","date_gmt":"2024-09-23T09:40:51","guid":{"rendered":"https:\/\/shop.moldbrothers.com\/?post_type=product&#038;p=169817"},"modified":"2026-01-07T11:51:42","modified_gmt":"2026-01-07T10:51:42","slug":"falling-maple-silicone-plate-stencil","status":"publish","type":"product","link":"https:\/\/shop.moldbrothers.com\/de\/produkt\/falling-maple-silicone-plate-stencil\/","title":{"rendered":"Falling Maple Silikonschablone f\u00fcr Teller"},"content":{"rendered":"","protected":false},"excerpt":{"rendered":"<p>Diese Schablone mit herabfallenden Ahornbl\u00e4ttern ist aus 1 mm dickem Silikon gefertigt und eignet sich perfekt, um Ihrem Gericht einen herbstlichen Touch zu verleihen.<\/p>\n<p>Er besteht aus lebensmittelechtem Silikon 100% und h\u00e4lt Temperaturen von -40\u00b0C bis +200\u00b0C stand. Damit ist er sowohl f\u00fcr Gefrierschr\u00e4nke (einschlie\u00dflich Schockgefrieren) als auch f\u00fcr \u00d6fen geeignet.<\/p>","protected":false},"featured_media":169667,"template":"","meta":{"_seopress_robots_primary_cat":"none","_seopress_titles_title":"","_seopress_titles_desc":"","_seopress_robots_index":""},"product_brand":[],"product_cat":[170,197],"product_tag":[1011],"woo-feed-brand":[],"class_list":{"0":"post-169817","1":"product","2":"type-product","3":"status-publish","4":"has-post-thumbnail","6":"product_cat-stencils","7":"product_cat-plate-stencils","8":"product_tag-pochoir","10":"first","11":"instock","12":"taxable","13":"shipping-taxable","14":"purchasable","15":"product-type-simple"},"_links":{"self":[{"href":"https:\/\/shop.moldbrothers.com\/de\/wp-json\/wp\/v2\/product\/169817","targetHints":{"allow":["GET"]}}],"collection":[{"href":"https:\/\/shop.moldbrothers.com\/de\/wp-json\/wp\/v2\/product"}],"about":[{"href":"https:\/\/shop.moldbrothers.com\/de\/wp-json\/wp\/v2\/types\/product"}],"wp:featuredmedia":[{"embeddable":true,"href":"https:\/\/shop.moldbrothers.com\/de\/wp-json\/wp\/v2\/media\/169667"}],"wp:attachment":[{"href":"https:\/\/shop.moldbrothers.com\/de\/wp-json\/wp\/v2\/media?parent=169817"}],"wp:term":[{"taxonomy":"product_brand","embeddable":true,"href":"https:\/\/shop.moldbrothers.com\/de\/wp-json\/wp\/v2\/product_brand?post=169817"},{"taxonomy":"product_cat","embeddable":true,"href":"https:\/\/shop.moldbrothers.com\/de\/wp-json\/wp\/v2\/product_cat?post=169817"},{"taxonomy":"product_tag","embeddable":true,"href":"https:\/\/shop.moldbrothers.com\/de\/wp-json\/wp\/v2\/product_tag?post=169817"},{"taxonomy":"woo-feed-brand","embeddable":true,"href":"https:\/\/shop.moldbrothers.com\/de\/wp-json\/wp\/v2\/woo-feed-brand?post=169817"}],"curies":[{"name":"wp","href":"https:\/\/api.w.org\/{rel}","templated":true}]}}