{"id":169729,"date":"2024-09-16T20:02:47","date_gmt":"2024-09-16T18:02:47","guid":{"rendered":"https:\/\/shop.moldbrothers.com\/?post_type=product&#038;p=169729"},"modified":"2026-03-25T08:49:45","modified_gmt":"2026-03-25T07:49:45","slug":"chantilly-mold","status":"publish","type":"product","link":"https:\/\/shop.moldbrothers.com\/de\/produkt\/chantilly-mold\/","title":{"rendered":"Chantilly Mold"},"content":{"rendered":"","protected":false},"excerpt":{"rendered":"<p>Eine hochwertige Silikonform, inspiriert von der Optik eines Spritzgeb\u00e4cks mit langen Streifen aus geschlagener Ganache. Diese Form verf\u00fcgt \u00fcber vier Formen und ist aus lebensmittelechtem Silikon 100% hergestellt.<\/p>\n<p>Die Form ist temperaturbest\u00e4ndig von -40\u00b0C bis +200\u00b0C und eignet sich daher sowohl f\u00fcr den Einsatz in Gefriertruhen als auch in \u00d6fen.<\/p>","protected":false},"featured_media":169723,"template":"","meta":{"_seopress_robots_primary_cat":"none","_seopress_titles_title":"","_seopress_titles_desc":"","_seopress_robots_index":""},"product_brand":[],"product_cat":[159,194],"product_tag":[711,978,638,662,775,586,979,520],"woo-feed-brand":[],"class_list":{"0":"post-169729","1":"product","2":"type-product","3":"status-publish","4":"has-post-thumbnail","6":"product_cat-3dmolds","7":"product_cat-realistic","8":"product_tag-base","9":"product_tag-classic","10":"product_tag-disc","11":"product_tag-donut","12":"product_tag-french","13":"product_tag-pastry","14":"product_tag-piped","15":"product_tag-ring","17":"first","18":"instock","19":"taxable","20":"shipping-taxable","21":"purchasable","22":"product-type-simple"},"_links":{"self":[{"href":"https:\/\/shop.moldbrothers.com\/de\/wp-json\/wp\/v2\/product\/169729","targetHints":{"allow":["GET"]}}],"collection":[{"href":"https:\/\/shop.moldbrothers.com\/de\/wp-json\/wp\/v2\/product"}],"about":[{"href":"https:\/\/shop.moldbrothers.com\/de\/wp-json\/wp\/v2\/types\/product"}],"wp:featuredmedia":[{"embeddable":true,"href":"https:\/\/shop.moldbrothers.com\/de\/wp-json\/wp\/v2\/media\/169723"}],"wp:attachment":[{"href":"https:\/\/shop.moldbrothers.com\/de\/wp-json\/wp\/v2\/media?parent=169729"}],"wp:term":[{"taxonomy":"product_brand","embeddable":true,"href":"https:\/\/shop.moldbrothers.com\/de\/wp-json\/wp\/v2\/product_brand?post=169729"},{"taxonomy":"product_cat","embeddable":true,"href":"https:\/\/shop.moldbrothers.com\/de\/wp-json\/wp\/v2\/product_cat?post=169729"},{"taxonomy":"product_tag","embeddable":true,"href":"https:\/\/shop.moldbrothers.com\/de\/wp-json\/wp\/v2\/product_tag?post=169729"},{"taxonomy":"woo-feed-brand","embeddable":true,"href":"https:\/\/shop.moldbrothers.com\/de\/wp-json\/wp\/v2\/woo-feed-brand?post=169729"}],"curies":[{"name":"wp","href":"https:\/\/api.w.org\/{rel}","templated":true}]}}