{"id":168932,"date":"2024-09-04T12:57:27","date_gmt":"2024-09-04T10:57:27","guid":{"rendered":"https:\/\/shop.moldbrothers.com\/?post_type=product&#038;p=168932"},"modified":"2025-06-25T19:02:09","modified_gmt":"2025-06-25T17:02:09","slug":"turbot-farce-mold","status":"publish","type":"product","link":"https:\/\/shop.moldbrothers.com\/de\/produkt\/turbot-farce-mold\/","title":{"rendered":"Steinbutt-Farce Mold"},"content":{"rendered":"<div class=\"wp-block-columns is-layout-flex wp-container-core-columns-is-layout-9d6595d7 wp-block-columns-is-layout-flex\">\n<div class=\"wp-block-column is-vertically-aligned-center is-layout-flow wp-block-column-is-layout-flow\" style=\"flex-basis:50%\"><div class=\"wp-block-image is-style-default\">\n<figure class=\"alignright size-full\"><a href=\"https:\/\/shop.moldbrothers.com\/wp-content\/uploads\/2024\/09\/cielblue_2.png\"><img decoding=\"async\" width=\"750\" height=\"750\" src=\"https:\/\/shop.moldbrothers.com\/wp-content\/uploads\/2024\/09\/cielblue_2.png\" alt=\"\" class=\"wp-image-168942\" style=\"object-fit:cover\" srcset=\"https:\/\/shop.moldbrothers.com\/wp-content\/uploads\/2024\/09\/cielblue_2.png 750w, https:\/\/shop.moldbrothers.com\/wp-content\/uploads\/2024\/09\/cielblue_2-150x150.png 150w, https:\/\/shop.moldbrothers.com\/wp-content\/uploads\/2024\/09\/cielblue_2-12x12.png 12w, https:\/\/shop.moldbrothers.com\/wp-content\/uploads\/2024\/09\/cielblue_2-100x100.png 100w\" sizes=\"(max-width: 750px) 100vw, 750px\" \/><\/a><\/figure>\n<\/div><\/div>\n\n\n\n<div class=\"wp-block-column is-layout-flow wp-block-column-is-layout-flow\" style=\"flex-basis:35.09%\">\n<h6 class=\"wp-block-heading\">Zusammenarbeit<\/h6>\n\n\n\n<h2 class=\"wp-block-heading\">\u00dcber die K\u00f6che<\/h2>\n\n\n\n<p>Mike Klaassen, ehemaliger Bocuse d'Or-Kandidat, hatte die brillante Idee, eine Farce Mold aus Wolfsbarsch und Steinbutt zu kreieren. Arjan Speelman, Chefkoch und Manager des Ciel Blue** im Hotel Okura Amsterdam, gab ihm die M\u00f6glichkeit, diese Idee weiterzuentwickeln. Derzeit ist Mike Chef de Cuisine im Ciel Blue, nachdem er bereits in jungen Jahren umfangreiche Erfahrungen in Restaurants wie dem Restaurant Amber** in Hongkong und The French Laundry*** in Kalifornien gesammelt hat.<\/p>\n\n\n\n<figure class=\"wp-block-image size-full is-resized\"><a href=\"https:\/\/shop.moldbrothers.com\/wp-content\/uploads\/2024\/09\/cielblue-logo.png\"><img decoding=\"async\" width=\"750\" height=\"750\" src=\"https:\/\/shop.moldbrothers.com\/wp-content\/uploads\/2024\/09\/cielblue-logo.png\" alt=\"\" class=\"wp-image-168941\" style=\"width:160px\" srcset=\"https:\/\/shop.moldbrothers.com\/wp-content\/uploads\/2024\/09\/cielblue-logo.png 750w, https:\/\/shop.moldbrothers.com\/wp-content\/uploads\/2024\/09\/cielblue-logo-150x150.png 150w, https:\/\/shop.moldbrothers.com\/wp-content\/uploads\/2024\/09\/cielblue-logo-12x12.png 12w, https:\/\/shop.moldbrothers.com\/wp-content\/uploads\/2024\/09\/cielblue-logo-100x100.png 100w\" sizes=\"(max-width: 750px) 100vw, 750px\" \/><\/a><\/figure>\n<\/div>\n<\/div>\n\n\n\n<p><\/p>","protected":false},"excerpt":{"rendered":"<p>Eine hochwertige Silikonform mit der Haut eines Steinbutts, in hoher Aufl\u00f6sung. Diese Form enth\u00e4lt 1 Form und ist aus lebensmittelechtem Silikon 100% hergestellt. Die Form h\u00e4lt einer Temperatur zwischen -40 \u00b0C und +200 \u00b0C stand. Die Form ist daher sowohl f\u00fcr den (Schock-)Gefrierschrank als auch f\u00fcr den Backofen geeignet.<\/p>\n<p><em>*Zus\u00e4tzlich erhalten Sie eine gedruckte Rezeptkarte von K\u00fcchenchef Mike Klaassen und Arjan Speelman von Ciel Blue** mit dem Rezept f\u00fcr ihre Steinbutt-Farce!<\/em><\/p>","protected":false},"featured_media":168933,"template":"","meta":{"_seopress_robots_primary_cat":"none","_seopress_titles_title":"","_seopress_titles_desc":"","_seopress_robots_index":""},"product_brand":[],"product_cat":[159,194],"product_tag":[515,497,498],"woo-feed-brand":[],"class_list":{"0":"post-168932","1":"product","2":"type-product","3":"status-publish","4":"has-post-thumbnail","6":"product_cat-3dmolds","7":"product_cat-realistic","8":"product_tag-farce","9":"product_tag-fish","10":"product_tag-sea","12":"first","13":"instock","14":"taxable","15":"shipping-taxable","16":"purchasable","17":"product-type-simple"},"_links":{"self":[{"href":"https:\/\/shop.moldbrothers.com\/de\/wp-json\/wp\/v2\/product\/168932","targetHints":{"allow":["GET"]}}],"collection":[{"href":"https:\/\/shop.moldbrothers.com\/de\/wp-json\/wp\/v2\/product"}],"about":[{"href":"https:\/\/shop.moldbrothers.com\/de\/wp-json\/wp\/v2\/types\/product"}],"wp:featuredmedia":[{"embeddable":true,"href":"https:\/\/shop.moldbrothers.com\/de\/wp-json\/wp\/v2\/media\/168933"}],"wp:attachment":[{"href":"https:\/\/shop.moldbrothers.com\/de\/wp-json\/wp\/v2\/media?parent=168932"}],"wp:term":[{"taxonomy":"product_brand","embeddable":true,"href":"https:\/\/shop.moldbrothers.com\/de\/wp-json\/wp\/v2\/product_brand?post=168932"},{"taxonomy":"product_cat","embeddable":true,"href":"https:\/\/shop.moldbrothers.com\/de\/wp-json\/wp\/v2\/product_cat?post=168932"},{"taxonomy":"product_tag","embeddable":true,"href":"https:\/\/shop.moldbrothers.com\/de\/wp-json\/wp\/v2\/product_tag?post=168932"},{"taxonomy":"woo-feed-brand","embeddable":true,"href":"https:\/\/shop.moldbrothers.com\/de\/wp-json\/wp\/v2\/woo-feed-brand?post=168932"}],"curies":[{"name":"wp","href":"https:\/\/api.w.org\/{rel}","templated":true}]}}