{"id":168074,"date":"2024-08-12T12:58:00","date_gmt":"2024-08-12T10:58:00","guid":{"rendered":"https:\/\/shop.moldbrothers.com\/?post_type=product&#038;p=168074"},"modified":"2026-03-25T08:53:51","modified_gmt":"2026-03-25T07:53:51","slug":"sakura-tartelette-set","status":"publish","type":"product","link":"https:\/\/shop.moldbrothers.com\/de\/produkt\/sakura-tartelette-set\/","title":{"rendered":"Sakura Tartelette Set"},"content":{"rendered":"","protected":false},"excerpt":{"rendered":"<p>Eine hochwertige Silikonform zur Herstellung von knusprigen Tartelettes in Form einer sich konisch verj\u00fcngenden eleganten Blume. Die Form backt 4 Tartelettes auf einmal und enth\u00e4lt einen Ausstecher, um den Teig oben auf der Form zuzuschneiden. Sie ist aus lebensmittelechtem Silikon 100% hergestellt und h\u00e4lt -40\u00b0C bis +200\u00b0C aus, geeignet f\u00fcr (Schock-)Gefrierschr\u00e4nke und \u00d6fen.<\/p>\n<p>F\u00fcr s\u00fc\u00dfe oder herzhafte Tartelette-Isomalt-Chips empfehlen wir die Schablone. Die Schablone <strong>ist nicht<\/strong> sp\u00fclmaschinenfest; mit lauwarmem Wasser (40\u00b0C) ohne Reinigungsmittel absp\u00fclen.<\/p>","protected":false},"featured_media":167819,"template":"","meta":{"_seopress_robots_primary_cat":"none","_seopress_titles_title":"","_seopress_titles_desc":"","_seopress_robots_index":""},"product_brand":[],"product_cat":[913,451],"product_tag":[759,802,757,1035,755,758,756],"woo-feed-brand":[],"class_list":{"0":"post-168074","1":"product","2":"type-product","3":"status-publish","4":"has-post-thumbnail","6":"product_cat-tartelette-molds","7":"product_cat-a4-stencils","8":"product_tag-dough","9":"product_tag-original","10":"product_tag-tart","11":"product_tag-tartalette","12":"product_tag-tartelette","13":"product_tag-tartellete","14":"product_tag-tartellette","16":"first","17":"instock","18":"taxable","19":"shipping-taxable","20":"product-type-grouped"},"_links":{"self":[{"href":"https:\/\/shop.moldbrothers.com\/de\/wp-json\/wp\/v2\/product\/168074","targetHints":{"allow":["GET"]}}],"collection":[{"href":"https:\/\/shop.moldbrothers.com\/de\/wp-json\/wp\/v2\/product"}],"about":[{"href":"https:\/\/shop.moldbrothers.com\/de\/wp-json\/wp\/v2\/types\/product"}],"wp:featuredmedia":[{"embeddable":true,"href":"https:\/\/shop.moldbrothers.com\/de\/wp-json\/wp\/v2\/media\/167819"}],"wp:attachment":[{"href":"https:\/\/shop.moldbrothers.com\/de\/wp-json\/wp\/v2\/media?parent=168074"}],"wp:term":[{"taxonomy":"product_brand","embeddable":true,"href":"https:\/\/shop.moldbrothers.com\/de\/wp-json\/wp\/v2\/product_brand?post=168074"},{"taxonomy":"product_cat","embeddable":true,"href":"https:\/\/shop.moldbrothers.com\/de\/wp-json\/wp\/v2\/product_cat?post=168074"},{"taxonomy":"product_tag","embeddable":true,"href":"https:\/\/shop.moldbrothers.com\/de\/wp-json\/wp\/v2\/product_tag?post=168074"},{"taxonomy":"woo-feed-brand","embeddable":true,"href":"https:\/\/shop.moldbrothers.com\/de\/wp-json\/wp\/v2\/woo-feed-brand?post=168074"}],"curies":[{"name":"wp","href":"https:\/\/api.w.org\/{rel}","templated":true}]}}