{"id":168073,"date":"2024-08-12T13:00:00","date_gmt":"2024-08-12T11:00:00","guid":{"rendered":"https:\/\/shop.moldbrothers.com\/?post_type=product&#038;p=168073"},"modified":"2025-05-07T11:56:14","modified_gmt":"2025-05-07T09:56:14","slug":"starfish-tartelette-set","status":"publish","type":"product","link":"https:\/\/shop.moldbrothers.com\/de\/produkt\/starfish-tartelette-set\/","title":{"rendered":"Seestern-Tartelette-Set"},"content":{"rendered":"","protected":false},"excerpt":{"rendered":"<p>Eine hochwertige Silikonform zur Herstellung knuspriger Tartelettes in realistischer Seesternform. Die Form backt 4 Tartelettes auf einmal und enth\u00e4lt einen Ausstecher, um den Teig oben auf der Form zuzuschneiden. Hergestellt aus lebensmittelechtem Silikon 100%, h\u00e4lt sie -40\u00b0C bis +200\u00b0C stand, geeignet f\u00fcr (Schock-)Gefrierschr\u00e4nke und \u00d6fen.<\/p>\n<p>F\u00fcr s\u00fc\u00dfe oder herzhafte Tartelette-Isomalt-Chips empfehlen wir die Schablone. Die Schablone<strong> ist nicht<\/strong> sp\u00fclmaschinenfest; mit lauwarmem Wasser (40\u00b0C) ohne Reinigungsmittel absp\u00fclen.<\/p>","protected":false},"featured_media":167818,"template":"","meta":{"_seopress_robots_primary_cat":"none","_seopress_titles_title":"","_seopress_titles_desc":"","_seopress_robots_index":""},"product_brand":[],"product_cat":[913],"product_tag":[759,802,757,1035,755,758,756],"woo-feed-brand":[],"class_list":{"0":"post-168073","1":"product","2":"type-product","3":"status-publish","4":"has-post-thumbnail","6":"product_cat-tartelette-molds","7":"product_tag-dough","8":"product_tag-original","9":"product_tag-tart","10":"product_tag-tartalette","11":"product_tag-tartelette","12":"product_tag-tartellete","13":"product_tag-tartellette","15":"first","16":"instock","17":"taxable","18":"shipping-taxable","19":"product-type-grouped"},"_links":{"self":[{"href":"https:\/\/shop.moldbrothers.com\/de\/wp-json\/wp\/v2\/product\/168073","targetHints":{"allow":["GET"]}}],"collection":[{"href":"https:\/\/shop.moldbrothers.com\/de\/wp-json\/wp\/v2\/product"}],"about":[{"href":"https:\/\/shop.moldbrothers.com\/de\/wp-json\/wp\/v2\/types\/product"}],"wp:featuredmedia":[{"embeddable":true,"href":"https:\/\/shop.moldbrothers.com\/de\/wp-json\/wp\/v2\/media\/167818"}],"wp:attachment":[{"href":"https:\/\/shop.moldbrothers.com\/de\/wp-json\/wp\/v2\/media?parent=168073"}],"wp:term":[{"taxonomy":"product_brand","embeddable":true,"href":"https:\/\/shop.moldbrothers.com\/de\/wp-json\/wp\/v2\/product_brand?post=168073"},{"taxonomy":"product_cat","embeddable":true,"href":"https:\/\/shop.moldbrothers.com\/de\/wp-json\/wp\/v2\/product_cat?post=168073"},{"taxonomy":"product_tag","embeddable":true,"href":"https:\/\/shop.moldbrothers.com\/de\/wp-json\/wp\/v2\/product_tag?post=168073"},{"taxonomy":"woo-feed-brand","embeddable":true,"href":"https:\/\/shop.moldbrothers.com\/de\/wp-json\/wp\/v2\/woo-feed-brand?post=168073"}],"curies":[{"name":"wp","href":"https:\/\/api.w.org\/{rel}","templated":true}]}}