{"id":167836,"date":"2024-08-12T12:55:00","date_gmt":"2024-08-12T10:55:00","guid":{"rendered":"https:\/\/shop.moldbrothers.com\/?post_type=product&#038;p=167836"},"modified":"2025-10-20T15:09:46","modified_gmt":"2025-10-20T13:09:46","slug":"oval-tartelette-mold","status":"publish","type":"product","link":"https:\/\/shop.moldbrothers.com\/de\/produkt\/oval-tartelette-mold\/","title":{"rendered":"Ovale Tartelette Mold"},"content":{"rendered":"","protected":false},"excerpt":{"rendered":"<p>Eine hochwertige Silikonform zur Herstellung von knusprigen Tartelettes in Form eines spitzen Ovals, das schr\u00e4g nach oben zeigt. Die Form erm\u00f6glicht das Backen von 5 Tartelettes auf einmal und enth\u00e4lt einen Ausstecher, um den Teig pr\u00e4zise zuzuschneiden. Sie ist aus lebensmittelechtem Silikon 100% hergestellt und h\u00e4lt Temperaturen von -40\u00b0C bis +200\u00b0C aus. Sie eignet sich sowohl f\u00fcr den Gefrierschrank als auch f\u00fcr den Backofen.<\/p>","protected":false},"featured_media":167820,"template":"","meta":{"_seopress_robots_primary_cat":"none","_seopress_titles_title":"","_seopress_titles_desc":"","_seopress_robots_index":""},"product_brand":[],"product_cat":[913],"product_tag":[759,802,757,1035,755,758,756],"woo-feed-brand":[],"class_list":{"0":"post-167836","1":"product","2":"type-product","3":"status-publish","4":"has-post-thumbnail","6":"product_cat-tartelette-molds","7":"product_tag-dough","8":"product_tag-original","9":"product_tag-tart","10":"product_tag-tartalette","11":"product_tag-tartelette","12":"product_tag-tartellete","13":"product_tag-tartellette","15":"first","16":"instock","17":"taxable","18":"shipping-taxable","19":"purchasable","20":"product-type-simple"},"_links":{"self":[{"href":"https:\/\/shop.moldbrothers.com\/de\/wp-json\/wp\/v2\/product\/167836","targetHints":{"allow":["GET"]}}],"collection":[{"href":"https:\/\/shop.moldbrothers.com\/de\/wp-json\/wp\/v2\/product"}],"about":[{"href":"https:\/\/shop.moldbrothers.com\/de\/wp-json\/wp\/v2\/types\/product"}],"wp:featuredmedia":[{"embeddable":true,"href":"https:\/\/shop.moldbrothers.com\/de\/wp-json\/wp\/v2\/media\/167820"}],"wp:attachment":[{"href":"https:\/\/shop.moldbrothers.com\/de\/wp-json\/wp\/v2\/media?parent=167836"}],"wp:term":[{"taxonomy":"product_brand","embeddable":true,"href":"https:\/\/shop.moldbrothers.com\/de\/wp-json\/wp\/v2\/product_brand?post=167836"},{"taxonomy":"product_cat","embeddable":true,"href":"https:\/\/shop.moldbrothers.com\/de\/wp-json\/wp\/v2\/product_cat?post=167836"},{"taxonomy":"product_tag","embeddable":true,"href":"https:\/\/shop.moldbrothers.com\/de\/wp-json\/wp\/v2\/product_tag?post=167836"},{"taxonomy":"woo-feed-brand","embeddable":true,"href":"https:\/\/shop.moldbrothers.com\/de\/wp-json\/wp\/v2\/woo-feed-brand?post=167836"}],"curies":[{"name":"wp","href":"https:\/\/api.w.org\/{rel}","templated":true}]}}