{"id":167700,"date":"2024-08-05T15:44:44","date_gmt":"2024-08-05T13:44:44","guid":{"rendered":"https:\/\/shop.moldbrothers.com\/?post_type=product&#038;p=167700"},"modified":"2025-08-07T12:33:20","modified_gmt":"2025-08-07T10:33:20","slug":"triple-beignet-stamp","status":"publish","type":"product","link":"https:\/\/shop.moldbrothers.com\/de\/produkt\/triple-beignet-stamp\/","title":{"rendered":"Dreifach-Beignet-Stempel"},"content":{"rendered":"","protected":false},"excerpt":{"rendered":"<p>Ein hochwertiger Stempel aus rostfreiem Stahl f\u00fcr die Herstellung von drei Beignets auf einmal! Dieser in den Niederlanden hergestellte Tortenstempel aus Metall eignet sich sowohl f\u00fcr die warme als auch f\u00fcr die kalte Zubereitung. Mit diesem Stempel k\u00f6nnen Sie knusprige Teigbeignets herstellen, die Sie vorher f\u00fcllen und danach fertigstellen k\u00f6nnen.<\/p>","protected":false},"featured_media":167703,"template":"","meta":{"_seopress_robots_primary_cat":"none","_seopress_titles_title":"","_seopress_titles_desc":"","_seopress_robots_index":""},"product_brand":[],"product_cat":[362],"product_tag":[507,1027,508,523,602,1023,912,1022,1010,1026,1025,595,1018,599,1019,1020,639,1024,596,757,1021,598,597],"woo-feed-brand":[],"class_list":{"0":"post-167700","1":"product","2":"type-product","3":"status-publish","4":"has-post-thumbnail","6":"product_cat-bunuelos-pie-tee","7":"product_tag-batter","8":"product_tag-beignets","9":"product_tag-beslag","10":"product_tag-bloem","11":"product_tag-bunuelos","12":"product_tag-crisp","13":"product_tag-croustade","14":"product_tag-crust","15":"product_tag-fluffy","16":"product_tag-fried","17":"product_tag-fritters","18":"product_tag-fry","19":"product_tag-iron","20":"product_tag-oil","21":"product_tag-pee-tee","22":"product_tag-pie","23":"product_tag-rosette","24":"product_tag-shell","25":"product_tag-stamp","26":"product_tag-tart","27":"product_tag-tie","28":"product_tag-tool","29":"product_tag-tools","31":"first","32":"instock","33":"taxable","34":"shipping-taxable","35":"purchasable","36":"product-type-simple"},"_links":{"self":[{"href":"https:\/\/shop.moldbrothers.com\/de\/wp-json\/wp\/v2\/product\/167700","targetHints":{"allow":["GET"]}}],"collection":[{"href":"https:\/\/shop.moldbrothers.com\/de\/wp-json\/wp\/v2\/product"}],"about":[{"href":"https:\/\/shop.moldbrothers.com\/de\/wp-json\/wp\/v2\/types\/product"}],"wp:featuredmedia":[{"embeddable":true,"href":"https:\/\/shop.moldbrothers.com\/de\/wp-json\/wp\/v2\/media\/167703"}],"wp:attachment":[{"href":"https:\/\/shop.moldbrothers.com\/de\/wp-json\/wp\/v2\/media?parent=167700"}],"wp:term":[{"taxonomy":"product_brand","embeddable":true,"href":"https:\/\/shop.moldbrothers.com\/de\/wp-json\/wp\/v2\/product_brand?post=167700"},{"taxonomy":"product_cat","embeddable":true,"href":"https:\/\/shop.moldbrothers.com\/de\/wp-json\/wp\/v2\/product_cat?post=167700"},{"taxonomy":"product_tag","embeddable":true,"href":"https:\/\/shop.moldbrothers.com\/de\/wp-json\/wp\/v2\/product_tag?post=167700"},{"taxonomy":"woo-feed-brand","embeddable":true,"href":"https:\/\/shop.moldbrothers.com\/de\/wp-json\/wp\/v2\/woo-feed-brand?post=167700"}],"curies":[{"name":"wp","href":"https:\/\/api.w.org\/{rel}","templated":true}]}}