{"id":167042,"date":"2024-07-19T14:34:40","date_gmt":"2024-07-19T12:34:40","guid":{"rendered":"https:\/\/shop.moldbrothers.com\/?post_type=product&#038;p=167042"},"modified":"2025-10-20T15:06:06","modified_gmt":"2025-10-20T13:06:06","slug":"toof-mold-large","status":"publish","type":"product","link":"https:\/\/shop.moldbrothers.com\/de\/produkt\/toof-mold-large\/","title":{"rendered":"Toof Mold Gro\u00df"},"content":{"rendered":"","protected":false},"excerpt":{"rendered":"<p>Eine hochwertige Silikonform in der Form des klassischen franz\u00f6sischen Sterns in der Spritzt\u00fclle. Die gro\u00dfe Variante verf\u00fcgt \u00fcber 5 Formen, die kleine Variante \u00fcber 8!<\/p>\n<p>Die Formen sind aus lebensmittelechtem Silikon 100% hergestellt. Diese Formen sind temperaturbest\u00e4ndig von -40\u00b0C bis +200\u00b0C und eignen sich daher sowohl f\u00fcr den Einsatz in (Schock-)Gefrierschr\u00e4nken als auch in \u00d6fen.<\/p>","protected":false},"featured_media":167043,"template":"","meta":{"_seopress_robots_primary_cat":"none","_seopress_titles_title":"","_seopress_titles_desc":"","_seopress_robots_index":"yes"},"product_brand":[],"product_cat":[159,229,231],"product_tag":[],"woo-feed-brand":[],"class_list":{"0":"post-167042","1":"product","2":"type-product","3":"status-publish","4":"has-post-thumbnail","6":"product_cat-3dmolds","7":"product_cat-abstract","8":"product_cat-hidden","10":"first","11":"instock","12":"taxable","13":"shipping-taxable","14":"purchasable","15":"product-type-simple"},"_links":{"self":[{"href":"https:\/\/shop.moldbrothers.com\/de\/wp-json\/wp\/v2\/product\/167042","targetHints":{"allow":["GET"]}}],"collection":[{"href":"https:\/\/shop.moldbrothers.com\/de\/wp-json\/wp\/v2\/product"}],"about":[{"href":"https:\/\/shop.moldbrothers.com\/de\/wp-json\/wp\/v2\/types\/product"}],"wp:featuredmedia":[{"embeddable":true,"href":"https:\/\/shop.moldbrothers.com\/de\/wp-json\/wp\/v2\/media\/167043"}],"wp:attachment":[{"href":"https:\/\/shop.moldbrothers.com\/de\/wp-json\/wp\/v2\/media?parent=167042"}],"wp:term":[{"taxonomy":"product_brand","embeddable":true,"href":"https:\/\/shop.moldbrothers.com\/de\/wp-json\/wp\/v2\/product_brand?post=167042"},{"taxonomy":"product_cat","embeddable":true,"href":"https:\/\/shop.moldbrothers.com\/de\/wp-json\/wp\/v2\/product_cat?post=167042"},{"taxonomy":"product_tag","embeddable":true,"href":"https:\/\/shop.moldbrothers.com\/de\/wp-json\/wp\/v2\/product_tag?post=167042"},{"taxonomy":"woo-feed-brand","embeddable":true,"href":"https:\/\/shop.moldbrothers.com\/de\/wp-json\/wp\/v2\/woo-feed-brand?post=167042"}],"curies":[{"name":"wp","href":"https:\/\/api.w.org\/{rel}","templated":true}]}}