{"id":167033,"date":"2024-07-21T13:00:00","date_gmt":"2024-07-21T11:00:00","guid":{"rendered":"https:\/\/shop.moldbrothers.com\/?post_type=product&#038;p=167033"},"modified":"2025-11-22T16:17:57","modified_gmt":"2025-11-22T15:17:57","slug":"toof-molds","status":"publish","type":"product","link":"https:\/\/shop.moldbrothers.com\/de\/produkt\/toof-molds\/","title":{"rendered":"Toof Molds"},"content":{"rendered":"","protected":false},"excerpt":{"rendered":"<p>Diese hochwertige Silikonform hat die Form des klassischen franz\u00f6sischen Sterns in der Paspelspitze. Die gro\u00dfe Version enth\u00e4lt 5 Formen, w\u00e4hrend die kleine Version 8 bietet. Beide sind aus lebensmittelechtem Silikon 100% hergestellt. Die Formen sind temperaturbest\u00e4ndig von -40\u00b0C bis +200\u00b0C und damit sowohl f\u00fcr den Einsatz im (Schock-)Gefrierschrank als auch im Backofen geeignet.<\/p>","protected":false},"featured_media":167040,"template":"","meta":{"_seopress_robots_primary_cat":"none","_seopress_titles_title":"","_seopress_titles_desc":"","_seopress_robots_index":""},"product_brand":[],"product_cat":[159,229,184],"product_tag":[1454,566,504,1437,1451,1453,820,1448,503,1004,1003,1000,1450,649,1008,1452,589,1449,1002,500],"woo-feed-brand":[],"class_list":{"0":"post-167033","1":"product","2":"type-product","3":"status-publish","4":"has-post-thumbnail","6":"product_cat-3dmolds","7":"product_cat-abstract","8":"product_cat-highlighted-products","9":"product_tag-buche","10":"product_tag-chocolate","11":"product_tag-christmas","12":"product_tag-festive","13":"product_tag-gift","14":"product_tag-gold","15":"product_tag-green","16":"product_tag-holiday","17":"product_tag-kerst","18":"product_tag-natale","19":"product_tag-navidad","20":"product_tag-noel","21":"product_tag-ornament","22":"product_tag-red","23":"product_tag-snowflake","24":"product_tag-spice","25":"product_tag-star","26":"product_tag-tree","27":"product_tag-weihnachten","28":"product_tag-winter","30":"first","31":"instock","32":"taxable","33":"shipping-taxable","34":"product-type-grouped"},"_links":{"self":[{"href":"https:\/\/shop.moldbrothers.com\/de\/wp-json\/wp\/v2\/product\/167033","targetHints":{"allow":["GET"]}}],"collection":[{"href":"https:\/\/shop.moldbrothers.com\/de\/wp-json\/wp\/v2\/product"}],"about":[{"href":"https:\/\/shop.moldbrothers.com\/de\/wp-json\/wp\/v2\/types\/product"}],"wp:featuredmedia":[{"embeddable":true,"href":"https:\/\/shop.moldbrothers.com\/de\/wp-json\/wp\/v2\/media\/167040"}],"wp:attachment":[{"href":"https:\/\/shop.moldbrothers.com\/de\/wp-json\/wp\/v2\/media?parent=167033"}],"wp:term":[{"taxonomy":"product_brand","embeddable":true,"href":"https:\/\/shop.moldbrothers.com\/de\/wp-json\/wp\/v2\/product_brand?post=167033"},{"taxonomy":"product_cat","embeddable":true,"href":"https:\/\/shop.moldbrothers.com\/de\/wp-json\/wp\/v2\/product_cat?post=167033"},{"taxonomy":"product_tag","embeddable":true,"href":"https:\/\/shop.moldbrothers.com\/de\/wp-json\/wp\/v2\/product_tag?post=167033"},{"taxonomy":"woo-feed-brand","embeddable":true,"href":"https:\/\/shop.moldbrothers.com\/de\/wp-json\/wp\/v2\/woo-feed-brand?post=167033"}],"curies":[{"name":"wp","href":"https:\/\/api.w.org\/{rel}","templated":true}]}}