{"id":166887,"date":"2024-07-17T13:09:20","date_gmt":"2024-07-17T11:09:20","guid":{"rendered":"https:\/\/shop.moldbrothers.com\/?post_type=product&#038;p=166887"},"modified":"2026-03-16T13:19:16","modified_gmt":"2026-03-16T12:19:16","slug":"realistic-oyster-pie-tee-1pc","status":"publish","type":"product","link":"https:\/\/shop.moldbrothers.com\/de\/produkt\/realistic-oyster-pie-tee-1pc\/","title":{"rendered":"Realistisches Austern Tortenst\u00fcck"},"content":{"rendered":"","protected":false},"excerpt":{"rendered":"<p>Unser kultiger und einzigartiger Aluminiumstempel in Form einer realistischen Auster ist ein einzigartiger Blickfang auf Ihrer Speisekarte. Er wird in den Niederlanden aus lebensmittelechtem Aluminium hergestellt und verf\u00fcgt \u00fcber einen gebogenen Griff, an dem der Stempel gut ruhen und trocknen kann, w\u00e4hrend er beim Frittieren bequem in der Hand bleibt. Tauchen Sie den Stempel in Teig und frittieren Sie ihn, um eine leichte, knusprige Schale zu erhalten, die sich perfekt f\u00fcr kleine Snacks eignet, die mit jeder beliebigen Zubereitung gef\u00fcllt werden k\u00f6nnen.<\/p>","protected":false},"featured_media":200798,"template":"","meta":{"_seopress_robots_primary_cat":"none","_seopress_titles_title":"","_seopress_titles_desc":"","_seopress_robots_index":""},"product_brand":[],"product_cat":[362,231],"product_tag":[507,1027,508,523,602,766,1023,912,1022,497,524,1026,1025,595,1018,1028,599,676,1019,1020,639,498,1024,596,757,1021,598,597],"woo-feed-brand":[],"class_list":{"0":"post-166887","1":"product","2":"type-product","3":"status-publish","4":"has-post-thumbnail","6":"product_cat-bunuelos-pie-tee","7":"product_cat-hidden","8":"product_tag-batter","9":"product_tag-beignets","10":"product_tag-beslag","11":"product_tag-bloem","12":"product_tag-bunuelos","13":"product_tag-coral","14":"product_tag-crisp","15":"product_tag-croustade","16":"product_tag-crust","17":"product_tag-fish","18":"product_tag-flower","19":"product_tag-fried","20":"product_tag-fritters","21":"product_tag-fry","22":"product_tag-iron","23":"product_tag-mussel","24":"product_tag-oil","25":"product_tag-oyster","26":"product_tag-pee-tee","27":"product_tag-pie","28":"product_tag-rosette","29":"product_tag-sea","30":"product_tag-shell","31":"product_tag-stamp","32":"product_tag-tart","33":"product_tag-tie","34":"product_tag-tool","35":"product_tag-tools","37":"first","38":"instock","39":"taxable","40":"shipping-taxable","41":"purchasable","42":"product-type-simple"},"_links":{"self":[{"href":"https:\/\/shop.moldbrothers.com\/de\/wp-json\/wp\/v2\/product\/166887","targetHints":{"allow":["GET"]}}],"collection":[{"href":"https:\/\/shop.moldbrothers.com\/de\/wp-json\/wp\/v2\/product"}],"about":[{"href":"https:\/\/shop.moldbrothers.com\/de\/wp-json\/wp\/v2\/types\/product"}],"wp:featuredmedia":[{"embeddable":true,"href":"https:\/\/shop.moldbrothers.com\/de\/wp-json\/wp\/v2\/media\/200798"}],"wp:attachment":[{"href":"https:\/\/shop.moldbrothers.com\/de\/wp-json\/wp\/v2\/media?parent=166887"}],"wp:term":[{"taxonomy":"product_brand","embeddable":true,"href":"https:\/\/shop.moldbrothers.com\/de\/wp-json\/wp\/v2\/product_brand?post=166887"},{"taxonomy":"product_cat","embeddable":true,"href":"https:\/\/shop.moldbrothers.com\/de\/wp-json\/wp\/v2\/product_cat?post=166887"},{"taxonomy":"product_tag","embeddable":true,"href":"https:\/\/shop.moldbrothers.com\/de\/wp-json\/wp\/v2\/product_tag?post=166887"},{"taxonomy":"woo-feed-brand","embeddable":true,"href":"https:\/\/shop.moldbrothers.com\/de\/wp-json\/wp\/v2\/woo-feed-brand?post=166887"}],"curies":[{"name":"wp","href":"https:\/\/api.w.org\/{rel}","templated":true}]}}