{"id":166396,"date":"2024-07-02T11:37:35","date_gmt":"2024-07-02T09:37:35","guid":{"rendered":"https:\/\/shop.moldbrothers.com\/?post_type=product&#038;p=166396"},"modified":"2025-05-02T13:33:41","modified_gmt":"2025-05-02T11:33:41","slug":"dimple-quenelle-molds","status":"publish","type":"product","link":"https:\/\/shop.moldbrothers.com\/de\/produkt\/dimple-quenelle-molds\/","title":{"rendered":"Dimple Quenelle Molds"},"content":{"rendered":"","protected":false},"excerpt":{"rendered":"<p>Hochwertige Silikonformen in Form einer Quenelle - mit einer Einlage f\u00fcr Br\u00fche, \u00d6l oder andere Komponenten. Die zweite Form ist eine passende Tuille, die perfekt auf Ihre Dimple Quenelle passt. Die Formen umfassen 5 und 6 Formen und sind aus lebensmittelechtem Silikon 100% hergestellt.<\/p>\n<p>Beide Formen k\u00f6nnen Temperaturen von -40\u00b0C bis +200\u00b0C standhalten und eignen sich daher sowohl f\u00fcr den Einsatz in (Schock-)Gefrierschr\u00e4nken als auch in \u00d6fen.<\/p>","protected":false},"featured_media":166397,"template":"","meta":{"_seopress_robots_primary_cat":"none","_seopress_titles_title":"","_seopress_titles_desc":"","_seopress_robots_index":""},"product_brand":[],"product_cat":[159,193],"product_tag":[907,484,599,906,625,905],"woo-feed-brand":[],"class_list":{"0":"post-166396","1":"product","2":"type-product","3":"status-publish","4":"has-post-thumbnail","6":"product_cat-3dmolds","7":"product_cat-essentials","8":"product_tag-broth","9":"product_tag-ice","10":"product_tag-oil","11":"product_tag-quenele","12":"product_tag-quenelle","13":"product_tag-rocher","15":"first","16":"instock","17":"taxable","18":"shipping-taxable","19":"product-type-grouped"},"_links":{"self":[{"href":"https:\/\/shop.moldbrothers.com\/de\/wp-json\/wp\/v2\/product\/166396","targetHints":{"allow":["GET"]}}],"collection":[{"href":"https:\/\/shop.moldbrothers.com\/de\/wp-json\/wp\/v2\/product"}],"about":[{"href":"https:\/\/shop.moldbrothers.com\/de\/wp-json\/wp\/v2\/types\/product"}],"wp:featuredmedia":[{"embeddable":true,"href":"https:\/\/shop.moldbrothers.com\/de\/wp-json\/wp\/v2\/media\/166397"}],"wp:attachment":[{"href":"https:\/\/shop.moldbrothers.com\/de\/wp-json\/wp\/v2\/media?parent=166396"}],"wp:term":[{"taxonomy":"product_brand","embeddable":true,"href":"https:\/\/shop.moldbrothers.com\/de\/wp-json\/wp\/v2\/product_brand?post=166396"},{"taxonomy":"product_cat","embeddable":true,"href":"https:\/\/shop.moldbrothers.com\/de\/wp-json\/wp\/v2\/product_cat?post=166396"},{"taxonomy":"product_tag","embeddable":true,"href":"https:\/\/shop.moldbrothers.com\/de\/wp-json\/wp\/v2\/product_tag?post=166396"},{"taxonomy":"woo-feed-brand","embeddable":true,"href":"https:\/\/shop.moldbrothers.com\/de\/wp-json\/wp\/v2\/woo-feed-brand?post=166396"}],"curies":[{"name":"wp","href":"https:\/\/api.w.org\/{rel}","templated":true}]}}