{"id":165592,"date":"2024-07-03T17:21:52","date_gmt":"2024-07-03T15:21:52","guid":{"rendered":"https:\/\/shop.moldbrothers.com\/?post_type=product&#038;p=165592"},"modified":"2025-07-29T09:46:32","modified_gmt":"2025-07-29T07:46:32","slug":"wooden-potholder","status":"publish","type":"product","link":"https:\/\/shop.moldbrothers.com\/de\/produkt\/wooden-potholder\/","title":{"rendered":"PacoHolder aus Holz"},"content":{"rendered":"","protected":false},"excerpt":{"rendered":"<p>Verleihen Sie Ihrem Service eine raffinierte Note mit diesem hochwertigen Holzhalter, der f\u00fcr Ihren Eisbeh\u00e4lter aus Metall entworfen wurde. Er sorgt f\u00fcr Sauberkeit und Ordnung auf Ihrem Tisch, w\u00e4hrend die rutschfeste Einlage daf\u00fcr sorgt, dass der Beh\u00e4lter fest an seinem Platz bleibt.<\/p>\n<p>Dieser in den Niederlanden aus 100% Eichenholz handgefertigte Halter ist sowohl langlebig als auch elegant. Nicht sp\u00fclmaschinenfest - zum Reinigen einfach unter flie\u00dfendem lauwarmen Wasser absp\u00fclen.<\/p>\n<p>*Der abgebildete Stahlbecher dient nur zur Veranschaulichung<\/p>","protected":false},"featured_media":165559,"template":"","meta":{"_seopress_robots_primary_cat":"none","_seopress_titles_title":"","_seopress_titles_desc":"","_seopress_robots_index":""},"product_brand":[],"product_cat":[238],"product_tag":[935,936,1284,691,937,934,550,933],"woo-feed-brand":[],"class_list":{"0":"post-165592","1":"product","2":"type-product","3":"status-publish","4":"has-post-thumbnail","6":"product_cat-presentables","7":"product_tag-espuma","8":"product_tag-oak","9":"product_tag-paco-jet","10":"product_tag-pacojet","11":"product_tag-pacopot","12":"product_tag-syphon","13":"product_tag-wood","14":"product_tag-wooden","16":"first","17":"instock","18":"taxable","19":"shipping-taxable","20":"purchasable","21":"product-type-simple"},"_links":{"self":[{"href":"https:\/\/shop.moldbrothers.com\/de\/wp-json\/wp\/v2\/product\/165592","targetHints":{"allow":["GET"]}}],"collection":[{"href":"https:\/\/shop.moldbrothers.com\/de\/wp-json\/wp\/v2\/product"}],"about":[{"href":"https:\/\/shop.moldbrothers.com\/de\/wp-json\/wp\/v2\/types\/product"}],"wp:featuredmedia":[{"embeddable":true,"href":"https:\/\/shop.moldbrothers.com\/de\/wp-json\/wp\/v2\/media\/165559"}],"wp:attachment":[{"href":"https:\/\/shop.moldbrothers.com\/de\/wp-json\/wp\/v2\/media?parent=165592"}],"wp:term":[{"taxonomy":"product_brand","embeddable":true,"href":"https:\/\/shop.moldbrothers.com\/de\/wp-json\/wp\/v2\/product_brand?post=165592"},{"taxonomy":"product_cat","embeddable":true,"href":"https:\/\/shop.moldbrothers.com\/de\/wp-json\/wp\/v2\/product_cat?post=165592"},{"taxonomy":"product_tag","embeddable":true,"href":"https:\/\/shop.moldbrothers.com\/de\/wp-json\/wp\/v2\/product_tag?post=165592"},{"taxonomy":"woo-feed-brand","embeddable":true,"href":"https:\/\/shop.moldbrothers.com\/de\/wp-json\/wp\/v2\/woo-feed-brand?post=165592"}],"curies":[{"name":"wp","href":"https:\/\/api.w.org\/{rel}","templated":true}]}}