{"id":164646,"date":"2024-03-21T15:28:00","date_gmt":"2024-03-21T14:28:00","guid":{"rendered":"https:\/\/shop.moldbrothers.com\/?post_type=product&#038;p=164646"},"modified":"2025-10-20T14:55:57","modified_gmt":"2025-10-20T12:55:57","slug":"oyster-lid-mold","status":"publish","type":"product","link":"https:\/\/shop.moldbrothers.com\/de\/produkt\/oyster-lid-mold\/","title":{"rendered":"Austern-Deckel Mold"},"content":{"rendered":"<div class=\"grid grid-cols-1 lg:grid-cols-2 lg:gap-12\"><div class=\"col-span-1 self-center\"><figure class=\"h-[clamp(200px,40vw,600px)!important]\"><img decoding=\"async\" class=\"w-full h-full object-cover object-center rounded-2xl\" src=\"https:\/\/shop.moldbrothers.com\/wp-content\/uploads\/2022\/07\/DSC03279-scaled-e1684074511240.jpg\" alt=\"\" \/><\/figure><\/div><div class=\"col-span-1 self-center\"><div class=\"lg:pl-20\"><\/p>\n<h6>MoldBrothers TestKitchen Spezialprodukt<\/h6>\n<h2>\u00dcber unser Pr\u00fcflabor<\/h2>\n<p>Die MoldBrothers TestKitchen unter der Leitung von Chefkoch Mike Cornelissen vom Restaurant Rijnzicht* wurde eingerichtet, um eine st\u00e4ndige Verbindung zu kulinarischen Innovationen aufrechtzuerhalten. Sie dient als unser gastronomisches Labor, in dem wir uns inspirieren lassen und sicherstellen, dass alle unsere Produkte au\u00dfergew\u00f6hnliche Erfahrungen bieten. Von Chefk\u00f6chen f\u00fcr Chefk\u00f6che erforschen wir fast unm\u00f6gliche Techniken, die immer wieder bemerkenswerte Ergebnisse liefern - so auch dieses <em>TestKitchen Spezialprodukt<\/em>!<\/div><\/div><\/div>","protected":false},"excerpt":{"rendered":"<p>Eine 'MoldBrothers TestKitchen Special' realistische Silikonform in der Form der oberen Schale einer Auster. Die Form hat 4 gleiche Formen, die alle aus lebensmittelechtem Silikon 100% hergestellt sind.<\/p>\n<p>Diese Form kann Temperaturen von -40\u00b0C bis +200\u00b0C standhalten und ist somit sowohl f\u00fcr den Einsatz in (Schock-)Gefrierschr\u00e4nken als auch in \u00d6fen geeignet.<\/p>","protected":false},"featured_media":164649,"template":"","meta":{"_seopress_robots_primary_cat":"none","_seopress_titles_title":"","_seopress_titles_desc":"","_seopress_robots_index":""},"product_brand":[],"product_cat":[159,194,910],"product_tag":[],"woo-feed-brand":[],"class_list":{"0":"post-164646","1":"product","2":"type-product","3":"status-publish","4":"has-post-thumbnail","6":"product_cat-3dmolds","7":"product_cat-realistic","8":"product_cat-test-kitchen","10":"first","11":"instock","12":"taxable","13":"shipping-taxable","14":"purchasable","15":"product-type-simple"},"_links":{"self":[{"href":"https:\/\/shop.moldbrothers.com\/de\/wp-json\/wp\/v2\/product\/164646","targetHints":{"allow":["GET"]}}],"collection":[{"href":"https:\/\/shop.moldbrothers.com\/de\/wp-json\/wp\/v2\/product"}],"about":[{"href":"https:\/\/shop.moldbrothers.com\/de\/wp-json\/wp\/v2\/types\/product"}],"wp:featuredmedia":[{"embeddable":true,"href":"https:\/\/shop.moldbrothers.com\/de\/wp-json\/wp\/v2\/media\/164649"}],"wp:attachment":[{"href":"https:\/\/shop.moldbrothers.com\/de\/wp-json\/wp\/v2\/media?parent=164646"}],"wp:term":[{"taxonomy":"product_brand","embeddable":true,"href":"https:\/\/shop.moldbrothers.com\/de\/wp-json\/wp\/v2\/product_brand?post=164646"},{"taxonomy":"product_cat","embeddable":true,"href":"https:\/\/shop.moldbrothers.com\/de\/wp-json\/wp\/v2\/product_cat?post=164646"},{"taxonomy":"product_tag","embeddable":true,"href":"https:\/\/shop.moldbrothers.com\/de\/wp-json\/wp\/v2\/product_tag?post=164646"},{"taxonomy":"woo-feed-brand","embeddable":true,"href":"https:\/\/shop.moldbrothers.com\/de\/wp-json\/wp\/v2\/woo-feed-brand?post=164646"}],"curies":[{"name":"wp","href":"https:\/\/api.w.org\/{rel}","templated":true}]}}