{"id":164361,"date":"2024-05-15T11:26:46","date_gmt":"2024-05-15T09:26:46","guid":{"rendered":"https:\/\/shop.moldbrothers.com\/?post_type=product&#038;p=164361"},"modified":"2025-10-20T14:44:15","modified_gmt":"2025-10-20T12:44:15","slug":"dimple-quenelle-mold-2","status":"publish","type":"product","link":"https:\/\/shop.moldbrothers.com\/de\/produkt\/dimple-quenelle-mold-2\/","title":{"rendered":"Dimple Quenelle Mold"},"content":{"rendered":"","protected":false},"excerpt":{"rendered":"<p>Eine hochwertige Silikonform in Form einer Quenelle, mit einer Einlage f\u00fcr Br\u00fche, \u00d6l oder andere Komponenten. Die Form verf\u00fcgt \u00fcber 5 Formen und ist aus lebensmittelechtem Silikon 100% hergestellt.<\/p>\n<p>Diese Form kann Temperaturen von -40\u00b0C bis +200\u00b0C standhalten und ist somit sowohl f\u00fcr den Einsatz in (Schock-)Gefrierschr\u00e4nken als auch in \u00d6fen geeignet.<\/p>","protected":false},"featured_media":164366,"template":"","meta":{"_seopress_robots_primary_cat":"none","_seopress_titles_title":"","_seopress_titles_desc":"","_seopress_robots_index":"yes"},"product_brand":[],"product_cat":[159,193,231],"product_tag":[907,484,599,906,625,905],"woo-feed-brand":[],"class_list":{"0":"post-164361","1":"product","2":"type-product","3":"status-publish","4":"has-post-thumbnail","6":"product_cat-3dmolds","7":"product_cat-essentials","8":"product_cat-hidden","9":"product_tag-broth","10":"product_tag-ice","11":"product_tag-oil","12":"product_tag-quenele","13":"product_tag-quenelle","14":"product_tag-rocher","16":"first","17":"instock","18":"taxable","19":"shipping-taxable","20":"purchasable","21":"product-type-simple"},"_links":{"self":[{"href":"https:\/\/shop.moldbrothers.com\/de\/wp-json\/wp\/v2\/product\/164361","targetHints":{"allow":["GET"]}}],"collection":[{"href":"https:\/\/shop.moldbrothers.com\/de\/wp-json\/wp\/v2\/product"}],"about":[{"href":"https:\/\/shop.moldbrothers.com\/de\/wp-json\/wp\/v2\/types\/product"}],"wp:featuredmedia":[{"embeddable":true,"href":"https:\/\/shop.moldbrothers.com\/de\/wp-json\/wp\/v2\/media\/164366"}],"wp:attachment":[{"href":"https:\/\/shop.moldbrothers.com\/de\/wp-json\/wp\/v2\/media?parent=164361"}],"wp:term":[{"taxonomy":"product_brand","embeddable":true,"href":"https:\/\/shop.moldbrothers.com\/de\/wp-json\/wp\/v2\/product_brand?post=164361"},{"taxonomy":"product_cat","embeddable":true,"href":"https:\/\/shop.moldbrothers.com\/de\/wp-json\/wp\/v2\/product_cat?post=164361"},{"taxonomy":"product_tag","embeddable":true,"href":"https:\/\/shop.moldbrothers.com\/de\/wp-json\/wp\/v2\/product_tag?post=164361"},{"taxonomy":"woo-feed-brand","embeddable":true,"href":"https:\/\/shop.moldbrothers.com\/de\/wp-json\/wp\/v2\/woo-feed-brand?post=164361"}],"curies":[{"name":"wp","href":"https:\/\/api.w.org\/{rel}","templated":true}]}}