{"id":163400,"date":"2024-04-18T12:54:40","date_gmt":"2024-04-18T10:54:40","guid":{"rendered":"https:\/\/shop.moldbrothers.com\/?post_type=product&#038;p=163400"},"modified":"2026-03-25T15:23:19","modified_gmt":"2026-03-25T14:23:19","slug":"spiral-molds-x-de-librije","status":"publish","type":"product","link":"https:\/\/shop.moldbrothers.com\/de\/produkt\/spiral-molds-x-de-librije\/","title":{"rendered":"Spirale Molds X De Librije***"},"content":{"rendered":"<div class=\"wp-block-columns is-layout-flex wp-container-core-columns-is-layout-9d6595d7 wp-block-columns-is-layout-flex\">\n<div class=\"wp-block-column is-vertically-aligned-center is-layout-flow wp-block-column-is-layout-flow\" style=\"flex-basis:50%\"><\/div>\n\n\n\n<div class=\"wp-block-column is-layout-flow wp-block-column-is-layout-flow\" style=\"flex-basis:35.09%\">\n<h6 class=\"wp-block-heading\">Zusammenarbeit<\/h6>\n\n\n\n<h2 class=\"wp-block-heading\">\u00dcber de Librije***<\/h2>\n\n\n\n<p>De Librije in Zwolle, Niederlande, ist ein kulinarisches Juwel, das von der Vision des K\u00fcchenchefs Jonnie Boer gepr\u00e4gt wurde, dessen Verm\u00e4chtnis noch immer inspiriert. Mit Zutaten aus der Region und Michelin-Sternen bietet jede Mahlzeit ein unvergessliches Erlebnis, bei dem kulinarische Kunst auf herzliche Gastfreundschaft trifft.<\/p>\n<\/div>\n<\/div>\n\n\n\n<p><\/p>","protected":false},"excerpt":{"rendered":"<p>Hochwertige Silikonformen in Form einer Spirale, entwickelt in Zusammenarbeit mit dem Restaurant De Librije***. Jedes Set enth\u00e4lt 1 oder 4 F\u00f6rmchen und wird mit einer gedruckten Rezeptkarte geliefert, auf der <strong>drei<\/strong> Rezepte. Die Formen sind temperaturbest\u00e4ndig von -40\u00b0C bis +200\u00b0C und damit sowohl f\u00fcr den Einsatz im (Schock-)Gefrierschrank als auch im Backofen geeignet.<\/p>","protected":false},"featured_media":163401,"template":"","meta":{"_seopress_robots_primary_cat":"none","_seopress_titles_title":"","_seopress_titles_desc":"","_seopress_robots_index":""},"product_brand":[],"product_cat":[159,229,228,203],"product_tag":[],"woo-feed-brand":[],"class_list":{"0":"post-163400","1":"product","2":"type-product","3":"status-publish","4":"has-post-thumbnail","6":"product_cat-3dmolds","7":"product_cat-abstract","8":"product_cat-2dmolds","9":"product_cat-graphic","11":"first","12":"instock","13":"taxable","14":"shipping-taxable","15":"product-type-grouped"},"_links":{"self":[{"href":"https:\/\/shop.moldbrothers.com\/de\/wp-json\/wp\/v2\/product\/163400","targetHints":{"allow":["GET"]}}],"collection":[{"href":"https:\/\/shop.moldbrothers.com\/de\/wp-json\/wp\/v2\/product"}],"about":[{"href":"https:\/\/shop.moldbrothers.com\/de\/wp-json\/wp\/v2\/types\/product"}],"wp:featuredmedia":[{"embeddable":true,"href":"https:\/\/shop.moldbrothers.com\/de\/wp-json\/wp\/v2\/media\/163401"}],"wp:attachment":[{"href":"https:\/\/shop.moldbrothers.com\/de\/wp-json\/wp\/v2\/media?parent=163400"}],"wp:term":[{"taxonomy":"product_brand","embeddable":true,"href":"https:\/\/shop.moldbrothers.com\/de\/wp-json\/wp\/v2\/product_brand?post=163400"},{"taxonomy":"product_cat","embeddable":true,"href":"https:\/\/shop.moldbrothers.com\/de\/wp-json\/wp\/v2\/product_cat?post=163400"},{"taxonomy":"product_tag","embeddable":true,"href":"https:\/\/shop.moldbrothers.com\/de\/wp-json\/wp\/v2\/product_tag?post=163400"},{"taxonomy":"woo-feed-brand","embeddable":true,"href":"https:\/\/shop.moldbrothers.com\/de\/wp-json\/wp\/v2\/woo-feed-brand?post=163400"}],"curies":[{"name":"wp","href":"https:\/\/api.w.org\/{rel}","templated":true}]}}