{"id":162735,"date":"2024-04-03T13:11:06","date_gmt":"2024-04-03T11:11:06","guid":{"rendered":"https:\/\/shop.moldbrothers.com\/?post_type=product&#038;p=162735"},"modified":"2025-01-08T16:25:01","modified_gmt":"2025-01-08T15:25:01","slug":"amuse-base-medium","status":"publish","type":"product","link":"https:\/\/shop.moldbrothers.com\/de\/produkt\/amuse-base-medium\/","title":{"rendered":"Amuse Base - Medium"},"content":{"rendered":"","protected":false},"excerpt":{"rendered":"<p>Hochwertige Amuse Bases aus Holz. Die drei Sockel sind aus 100% Eichenholz gefertigt.<\/p>\n<p>Die Amuse Bases sind <strong>nicht<\/strong> Sp\u00fclmaschinenfest und sollte unter lauwarmem flie\u00dfendem Wasser abgesp\u00fclt werden.<\/p>","protected":false},"featured_media":162733,"template":"","meta":{"_seopress_robots_primary_cat":"none","_seopress_titles_title":"","_seopress_titles_desc":"","_seopress_robots_index":"yes"},"product_brand":[],"product_cat":[238,231],"product_tag":[829,830,494,550],"woo-feed-brand":[],"class_list":{"0":"post-162735","1":"product","2":"type-product","3":"status-publish","4":"has-post-thumbnail","6":"product_cat-presentables","7":"product_cat-hidden","8":"product_tag-amuse","9":"product_tag-snack","10":"product_tag-spring","11":"product_tag-wood","13":"first","14":"instock","15":"taxable","16":"shipping-taxable","17":"purchasable","18":"product-type-simple"},"_links":{"self":[{"href":"https:\/\/shop.moldbrothers.com\/de\/wp-json\/wp\/v2\/product\/162735","targetHints":{"allow":["GET"]}}],"collection":[{"href":"https:\/\/shop.moldbrothers.com\/de\/wp-json\/wp\/v2\/product"}],"about":[{"href":"https:\/\/shop.moldbrothers.com\/de\/wp-json\/wp\/v2\/types\/product"}],"wp:featuredmedia":[{"embeddable":true,"href":"https:\/\/shop.moldbrothers.com\/de\/wp-json\/wp\/v2\/media\/162733"}],"wp:attachment":[{"href":"https:\/\/shop.moldbrothers.com\/de\/wp-json\/wp\/v2\/media?parent=162735"}],"wp:term":[{"taxonomy":"product_brand","embeddable":true,"href":"https:\/\/shop.moldbrothers.com\/de\/wp-json\/wp\/v2\/product_brand?post=162735"},{"taxonomy":"product_cat","embeddable":true,"href":"https:\/\/shop.moldbrothers.com\/de\/wp-json\/wp\/v2\/product_cat?post=162735"},{"taxonomy":"product_tag","embeddable":true,"href":"https:\/\/shop.moldbrothers.com\/de\/wp-json\/wp\/v2\/product_tag?post=162735"},{"taxonomy":"woo-feed-brand","embeddable":true,"href":"https:\/\/shop.moldbrothers.com\/de\/wp-json\/wp\/v2\/woo-feed-brand?post=162735"}],"curies":[{"name":"wp","href":"https:\/\/api.w.org\/{rel}","templated":true}]}}