{"id":162363,"date":"2024-04-04T12:57:00","date_gmt":"2024-04-04T10:57:00","guid":{"rendered":"https:\/\/shop.moldbrothers.com\/?post_type=product&#038;p=162363"},"modified":"2025-10-20T12:28:37","modified_gmt":"2025-10-20T10:28:37","slug":"honey-flower-tuille-x-thibaut-honajzer","status":"publish","type":"product","link":"https:\/\/shop.moldbrothers.com\/de\/produkt\/honey-flower-tuille-x-thibaut-honajzer\/","title":{"rendered":"Honigblume Tuille X Thibaut Honajzer"},"content":{"rendered":"<div class=\"wp-block-columns is-layout-flex wp-container-core-columns-is-layout-9d6595d7 wp-block-columns-is-layout-flex\">\n<div class=\"wp-block-column is-vertically-aligned-center is-layout-flow wp-block-column-is-layout-flow\" style=\"flex-basis:50%\"><div class=\"wp-block-image is-style-default\">\n<figure class=\"alignright size-full\"><a href=\"https:\/\/shop.moldbrothers.com\/wp-content\/uploads\/2024\/04\/IMG_1746.jpeg\"><img decoding=\"async\" width=\"1179\" height=\"1160\" src=\"https:\/\/shop.moldbrothers.com\/wp-content\/uploads\/2024\/04\/IMG_1746.jpeg\" alt=\"\" class=\"wp-image-162657\" style=\"object-fit:cover\" srcset=\"https:\/\/shop.moldbrothers.com\/wp-content\/uploads\/2024\/04\/IMG_1746.jpeg 1179w, https:\/\/shop.moldbrothers.com\/wp-content\/uploads\/2024\/04\/IMG_1746-768x756.jpeg 768w, https:\/\/shop.moldbrothers.com\/wp-content\/uploads\/2024\/04\/IMG_1746-12x12.jpeg 12w, https:\/\/shop.moldbrothers.com\/wp-content\/uploads\/2024\/04\/IMG_1746-1024x1007.jpeg 1024w\" sizes=\"(max-width: 1179px) 100vw, 1179px\" \/><\/a><\/figure>\n<\/div><\/div>\n\n\n\n<div class=\"wp-block-column is-layout-flow wp-block-column-is-layout-flow\" style=\"flex-basis:35.09%\">\n<h6 class=\"wp-block-heading\">Zusammenarbeit<\/h6>\n\n\n\n<h2 class=\"wp-block-heading\">\u00dcber den Chefkoch<\/h2>\n\n\n\n<p><br>Thibaut Honajzer, ein Konditor mit vielf\u00e4ltigen Erfahrungen in Frankreich, London, New York und der Schweiz, lernte 2018 die Chefk\u00f6chin Anne-Sophie Pic kennen und teilte ihre Leidenschaft f\u00fcr die pflanzliche K\u00fcche. Nachdem er f\u00fcnf Jahre mit ihrer Gruppe verbracht hatte, darunter vier Jahre in ihrem Zwei-Michelin-Sterne-Restaurant in Lausanne, er\u00f6ffnete er seine eigene Konditorei, The <a href=\"https:\/\/thesweetsage.com\/\" data-type=\"link\" data-id=\"https:\/\/thesweetsage.com\/\">S\u00fc\u00dfer Salbei<\/a>im Jahr 2023 in Lausanne. Hier stellt er seine Kreativit\u00e4t und seinen raffinierten Geschmack unter Beweis und hebt die Essenz jeder Zutat hervor. Dies ist der Beginn eines neuen Abenteuers, bei dem er seine kulinarische Welt der Patisserie mit anderen teilen kann.<\/p>\n\n\n\n<figure class=\"wp-block-image size-full is-resized\"><a href=\"https:\/\/shop.moldbrothers.com\/wp-content\/uploads\/2024\/04\/Macaron_CremeVert-1024x1024-1.png\"><img decoding=\"async\" width=\"1024\" height=\"1024\" src=\"https:\/\/shop.moldbrothers.com\/wp-content\/uploads\/2024\/04\/Macaron_CremeVert-1024x1024-1.png\" alt=\"\" class=\"wp-image-162656\" style=\"width:160px\" srcset=\"https:\/\/shop.moldbrothers.com\/wp-content\/uploads\/2024\/04\/Macaron_CremeVert-1024x1024-1.png 1024w, https:\/\/shop.moldbrothers.com\/wp-content\/uploads\/2024\/04\/Macaron_CremeVert-1024x1024-1-150x150.png 150w, https:\/\/shop.moldbrothers.com\/wp-content\/uploads\/2024\/04\/Macaron_CremeVert-1024x1024-1-768x768.png 768w, https:\/\/shop.moldbrothers.com\/wp-content\/uploads\/2024\/04\/Macaron_CremeVert-1024x1024-1-12x12.png 12w, https:\/\/shop.moldbrothers.com\/wp-content\/uploads\/2024\/04\/Macaron_CremeVert-1024x1024-1-100x100.png 100w\" sizes=\"(max-width: 1024px) 100vw, 1024px\" \/><\/a><\/figure>\n<\/div>\n<\/div>\n\n\n\n<p><\/p>","protected":false},"excerpt":{"rendered":"<p>Diese hochwertige Silikonform in Form einer Honigblume verf\u00fcgt \u00fcber 4 Formen und ist aus lebensmittelechtem Silikon 100% hergestellt. Sie ist temperaturbest\u00e4ndig von -40\u00b0C bis +200\u00b0C und eignet sich daher sowohl f\u00fcr den Einsatz im Schockfroster als auch im Backofen.<\/p>\n<p><em>\u00a9 Thibaut Honajzer, The Sweet Sage<\/em><\/p>","protected":false},"featured_media":162442,"template":"","meta":{"_seopress_robots_primary_cat":"none","_seopress_titles_title":"","_seopress_titles_desc":"","_seopress_robots_index":""},"product_brand":[],"product_cat":[228,237],"product_tag":[833,657,834,494,782,832,558],"woo-feed-brand":[],"class_list":{"0":"post-162363","1":"product","2":"type-product","3":"status-publish","4":"has-post-thumbnail","6":"product_cat-2dmolds","7":"product_cat-natural","8":"product_tag-flower-tuille","9":"product_tag-honey","10":"product_tag-honig","11":"product_tag-spring","12":"product_tag-summer","13":"product_tag-thibaut","14":"product_tag-tuille","16":"first","17":"instock","18":"taxable","19":"shipping-taxable","20":"purchasable","21":"product-type-simple"},"_links":{"self":[{"href":"https:\/\/shop.moldbrothers.com\/de\/wp-json\/wp\/v2\/product\/162363","targetHints":{"allow":["GET"]}}],"collection":[{"href":"https:\/\/shop.moldbrothers.com\/de\/wp-json\/wp\/v2\/product"}],"about":[{"href":"https:\/\/shop.moldbrothers.com\/de\/wp-json\/wp\/v2\/types\/product"}],"wp:featuredmedia":[{"embeddable":true,"href":"https:\/\/shop.moldbrothers.com\/de\/wp-json\/wp\/v2\/media\/162442"}],"wp:attachment":[{"href":"https:\/\/shop.moldbrothers.com\/de\/wp-json\/wp\/v2\/media?parent=162363"}],"wp:term":[{"taxonomy":"product_brand","embeddable":true,"href":"https:\/\/shop.moldbrothers.com\/de\/wp-json\/wp\/v2\/product_brand?post=162363"},{"taxonomy":"product_cat","embeddable":true,"href":"https:\/\/shop.moldbrothers.com\/de\/wp-json\/wp\/v2\/product_cat?post=162363"},{"taxonomy":"product_tag","embeddable":true,"href":"https:\/\/shop.moldbrothers.com\/de\/wp-json\/wp\/v2\/product_tag?post=162363"},{"taxonomy":"woo-feed-brand","embeddable":true,"href":"https:\/\/shop.moldbrothers.com\/de\/wp-json\/wp\/v2\/woo-feed-brand?post=162363"}],"curies":[{"name":"wp","href":"https:\/\/api.w.org\/{rel}","templated":true}]}}