{"id":162361,"date":"2024-04-04T11:54:00","date_gmt":"2024-04-04T09:54:00","guid":{"rendered":"https:\/\/shop.moldbrothers.com\/?post_type=product&#038;p=162361"},"modified":"2025-11-29T16:43:47","modified_gmt":"2025-11-29T15:43:47","slug":"amuse-base-set","status":"publish","type":"product","link":"https:\/\/shop.moldbrothers.com\/de\/produkt\/amuse-base-set\/","title":{"rendered":"Amuse-Base-Set"},"content":{"rendered":"","protected":false},"excerpt":{"rendered":"<p>Hochwertige Amuse Bases aus Holz, hergestellt aus 100% Eichenholz. Dieses Set enth\u00e4lt drei Sockel - perfekt f\u00fcr eine stilvolle Pr\u00e4sentation. <em>Nicht<\/em> sp\u00fclmaschinenfest; nur unter flie\u00dfendem lauwarmem Wasser absp\u00fclen.<\/p>","protected":false},"featured_media":184017,"template":"","meta":{"_seopress_robots_primary_cat":"none","_seopress_titles_title":"","_seopress_titles_desc":"","_seopress_robots_index":""},"product_brand":[],"product_cat":[238],"product_tag":[829,830,494,550],"woo-feed-brand":[],"class_list":{"0":"post-162361","1":"product","2":"type-product","3":"status-publish","4":"has-post-thumbnail","6":"product_cat-presentables","7":"product_tag-amuse","8":"product_tag-snack","9":"product_tag-spring","10":"product_tag-wood","12":"first","13":"instock","14":"sale","15":"taxable","16":"shipping-taxable","17":"product-type-grouped"},"_links":{"self":[{"href":"https:\/\/shop.moldbrothers.com\/de\/wp-json\/wp\/v2\/product\/162361","targetHints":{"allow":["GET"]}}],"collection":[{"href":"https:\/\/shop.moldbrothers.com\/de\/wp-json\/wp\/v2\/product"}],"about":[{"href":"https:\/\/shop.moldbrothers.com\/de\/wp-json\/wp\/v2\/types\/product"}],"wp:featuredmedia":[{"embeddable":true,"href":"https:\/\/shop.moldbrothers.com\/de\/wp-json\/wp\/v2\/media\/184017"}],"wp:attachment":[{"href":"https:\/\/shop.moldbrothers.com\/de\/wp-json\/wp\/v2\/media?parent=162361"}],"wp:term":[{"taxonomy":"product_brand","embeddable":true,"href":"https:\/\/shop.moldbrothers.com\/de\/wp-json\/wp\/v2\/product_brand?post=162361"},{"taxonomy":"product_cat","embeddable":true,"href":"https:\/\/shop.moldbrothers.com\/de\/wp-json\/wp\/v2\/product_cat?post=162361"},{"taxonomy":"product_tag","embeddable":true,"href":"https:\/\/shop.moldbrothers.com\/de\/wp-json\/wp\/v2\/product_tag?post=162361"},{"taxonomy":"woo-feed-brand","embeddable":true,"href":"https:\/\/shop.moldbrothers.com\/de\/wp-json\/wp\/v2\/woo-feed-brand?post=162361"}],"curies":[{"name":"wp","href":"https:\/\/api.w.org\/{rel}","templated":true}]}}