{"id":161823,"date":"2024-03-14T14:24:14","date_gmt":"2024-03-14T13:24:14","guid":{"rendered":"https:\/\/shop.moldbrothers.com\/?post_type=product&#038;p=161823"},"modified":"2025-05-02T08:19:04","modified_gmt":"2025-05-02T06:19:04","slug":"realistic-blossom-branche-tuille-molds","status":"publish","type":"product","link":"https:\/\/shop.moldbrothers.com\/de\/produkt\/realistic-blossom-branche-tuille-molds\/","title":{"rendered":"Realistische Bl\u00fcte Branche Tuille Molds"},"content":{"rendered":"","protected":false},"excerpt":{"rendered":"<p>Diese hochwertige Silikonform hat die Form eines sehr realistischen Bl\u00fctenzweigs und kann mit der Sakura Blossom Mold dekoriert werden. Sie verf\u00fcgt \u00fcber 4 gro\u00dfe und 35 kleine Formen, die alle aus lebensmittelechtem Silikon 100% hergestellt sind. Die Form ist temperaturbest\u00e4ndig von -40\u00b0C bis +200\u00b0C und damit sowohl f\u00fcr den (Schock-)Gefrierschrank als auch f\u00fcr den Backofen geeignet.<\/p>","protected":false},"featured_media":161806,"template":"","meta":{"_seopress_robots_primary_cat":"none","_seopress_titles_title":"","_seopress_titles_desc":"","_seopress_robots_index":""},"product_brand":[],"product_cat":[228,237],"product_tag":[803,804,805,806,494,781],"woo-feed-brand":[],"class_list":{"0":"post-161823","1":"product","2":"type-product","3":"status-publish","4":"has-post-thumbnail","6":"product_cat-2dmolds","7":"product_cat-natural","8":"product_tag-blossom","9":"product_tag-branche","10":"product_tag-realistic","11":"product_tag-sakura","12":"product_tag-spring","13":"product_tag-twig","15":"first","16":"instock","17":"taxable","18":"shipping-taxable","19":"product-type-grouped"},"_links":{"self":[{"href":"https:\/\/shop.moldbrothers.com\/de\/wp-json\/wp\/v2\/product\/161823","targetHints":{"allow":["GET"]}}],"collection":[{"href":"https:\/\/shop.moldbrothers.com\/de\/wp-json\/wp\/v2\/product"}],"about":[{"href":"https:\/\/shop.moldbrothers.com\/de\/wp-json\/wp\/v2\/types\/product"}],"wp:featuredmedia":[{"embeddable":true,"href":"https:\/\/shop.moldbrothers.com\/de\/wp-json\/wp\/v2\/media\/161806"}],"wp:attachment":[{"href":"https:\/\/shop.moldbrothers.com\/de\/wp-json\/wp\/v2\/media?parent=161823"}],"wp:term":[{"taxonomy":"product_brand","embeddable":true,"href":"https:\/\/shop.moldbrothers.com\/de\/wp-json\/wp\/v2\/product_brand?post=161823"},{"taxonomy":"product_cat","embeddable":true,"href":"https:\/\/shop.moldbrothers.com\/de\/wp-json\/wp\/v2\/product_cat?post=161823"},{"taxonomy":"product_tag","embeddable":true,"href":"https:\/\/shop.moldbrothers.com\/de\/wp-json\/wp\/v2\/product_tag?post=161823"},{"taxonomy":"woo-feed-brand","embeddable":true,"href":"https:\/\/shop.moldbrothers.com\/de\/wp-json\/wp\/v2\/woo-feed-brand?post=161823"}],"curies":[{"name":"wp","href":"https:\/\/api.w.org\/{rel}","templated":true}]}}