{"id":161822,"date":"2024-03-14T14:20:56","date_gmt":"2024-03-14T13:20:56","guid":{"rendered":"https:\/\/shop.moldbrothers.com\/?post_type=product&#038;p=161822"},"modified":"2025-10-20T15:32:00","modified_gmt":"2025-10-20T13:32:00","slug":"mini-sakura-blossom-mold","status":"publish","type":"product","link":"https:\/\/shop.moldbrothers.com\/de\/produkt\/mini-sakura-blossom-mold\/","title":{"rendered":"Mini-Sakura-Bl\u00fcte Mold"},"content":{"rendered":"","protected":false},"excerpt":{"rendered":"<p>Eine hochwertige Silikonform in Form von Sakura-Bl\u00fctenbl\u00e4ttern, f\u00fcr die realistische Bl\u00fctenzweigform. Die Form hat 35 Formen und ist aus lebensmittelechtem Silikon 100% hergestellt.<\/p>\n<p>Diese Form kann Temperaturen von -40\u00b0C bis +200\u00b0C standhalten und ist somit sowohl f\u00fcr den Einsatz in (Schock-)Gefrierschr\u00e4nken als auch in \u00d6fen geeignet.<\/p>","protected":false},"featured_media":161807,"template":"","meta":{"_seopress_robots_primary_cat":"none","_seopress_titles_title":"","_seopress_titles_desc":"","_seopress_robots_index":"yes"},"product_brand":[],"product_cat":[231],"product_tag":[803,804,805,806,494,781],"woo-feed-brand":[],"class_list":{"0":"post-161822","1":"product","2":"type-product","3":"status-publish","4":"has-post-thumbnail","6":"product_cat-hidden","7":"product_tag-blossom","8":"product_tag-branche","9":"product_tag-realistic","10":"product_tag-sakura","11":"product_tag-spring","12":"product_tag-twig","14":"first","15":"instock","16":"taxable","17":"shipping-taxable","18":"purchasable","19":"product-type-simple"},"_links":{"self":[{"href":"https:\/\/shop.moldbrothers.com\/de\/wp-json\/wp\/v2\/product\/161822","targetHints":{"allow":["GET"]}}],"collection":[{"href":"https:\/\/shop.moldbrothers.com\/de\/wp-json\/wp\/v2\/product"}],"about":[{"href":"https:\/\/shop.moldbrothers.com\/de\/wp-json\/wp\/v2\/types\/product"}],"wp:featuredmedia":[{"embeddable":true,"href":"https:\/\/shop.moldbrothers.com\/de\/wp-json\/wp\/v2\/media\/161807"}],"wp:attachment":[{"href":"https:\/\/shop.moldbrothers.com\/de\/wp-json\/wp\/v2\/media?parent=161822"}],"wp:term":[{"taxonomy":"product_brand","embeddable":true,"href":"https:\/\/shop.moldbrothers.com\/de\/wp-json\/wp\/v2\/product_brand?post=161822"},{"taxonomy":"product_cat","embeddable":true,"href":"https:\/\/shop.moldbrothers.com\/de\/wp-json\/wp\/v2\/product_cat?post=161822"},{"taxonomy":"product_tag","embeddable":true,"href":"https:\/\/shop.moldbrothers.com\/de\/wp-json\/wp\/v2\/product_tag?post=161822"},{"taxonomy":"woo-feed-brand","embeddable":true,"href":"https:\/\/shop.moldbrothers.com\/de\/wp-json\/wp\/v2\/woo-feed-brand?post=161822"}],"curies":[{"name":"wp","href":"https:\/\/api.w.org\/{rel}","templated":true}]}}