{"id":161188,"date":"2024-02-29T13:44:39","date_gmt":"2024-02-29T12:44:39","guid":{"rendered":"https:\/\/shop.moldbrothers.com\/?post_type=product&#038;p=161188"},"modified":"2026-03-31T09:18:57","modified_gmt":"2026-03-31T07:18:57","slug":"cutters","status":"publish","type":"product","link":"https:\/\/shop.moldbrothers.com\/de\/produkt\/cutters\/","title":{"rendered":"Kutter"},"content":{"rendered":"","protected":false},"excerpt":{"rendered":"<p>Diese Ausstecher sind f\u00fcr saubere, pr\u00e4zise Formen gemacht - perfekt f\u00fcr Gelees, (gekochtes) Gem\u00fcse, Obst und mehr. Erh\u00e4ltlich in vier praktischen Gr\u00f6\u00dfen, von etwa 1 bis 5 cm.<\/p>\n<p><em>Nicht<\/em> sp\u00fclmaschinenfest. Mit lauwarmem Wasser (40\u00b0C) absp\u00fclen, keine Reinigungsmittel erforderlich.<\/p>","protected":false},"featured_media":161153,"template":"","meta":{"_seopress_robots_primary_cat":"none","_seopress_titles_title":"","_seopress_titles_desc":"","_seopress_robots_index":""},"product_brand":[],"product_cat":[192],"product_tag":[790,786,825,524,1506,789,788,787,589],"woo-feed-brand":[],"class_list":{"0":"post-161188","1":"product","2":"type-product","3":"status-publish","4":"has-post-thumbnail","6":"product_cat-kitchen-essentials","7":"product_tag-cut","8":"product_tag-cutter","9":"product_tag-drop","10":"product_tag-flower","11":"product_tag-oval","12":"product_tag-plastic","13":"product_tag-punch","14":"product_tag-puncher","15":"product_tag-star","17":"first","18":"instock","19":"taxable","20":"shipping-taxable","21":"product-type-grouped"},"_links":{"self":[{"href":"https:\/\/shop.moldbrothers.com\/de\/wp-json\/wp\/v2\/product\/161188","targetHints":{"allow":["GET"]}}],"collection":[{"href":"https:\/\/shop.moldbrothers.com\/de\/wp-json\/wp\/v2\/product"}],"about":[{"href":"https:\/\/shop.moldbrothers.com\/de\/wp-json\/wp\/v2\/types\/product"}],"wp:featuredmedia":[{"embeddable":true,"href":"https:\/\/shop.moldbrothers.com\/de\/wp-json\/wp\/v2\/media\/161153"}],"wp:attachment":[{"href":"https:\/\/shop.moldbrothers.com\/de\/wp-json\/wp\/v2\/media?parent=161188"}],"wp:term":[{"taxonomy":"product_brand","embeddable":true,"href":"https:\/\/shop.moldbrothers.com\/de\/wp-json\/wp\/v2\/product_brand?post=161188"},{"taxonomy":"product_cat","embeddable":true,"href":"https:\/\/shop.moldbrothers.com\/de\/wp-json\/wp\/v2\/product_cat?post=161188"},{"taxonomy":"product_tag","embeddable":true,"href":"https:\/\/shop.moldbrothers.com\/de\/wp-json\/wp\/v2\/product_tag?post=161188"},{"taxonomy":"woo-feed-brand","embeddable":true,"href":"https:\/\/shop.moldbrothers.com\/de\/wp-json\/wp\/v2\/woo-feed-brand?post=161188"}],"curies":[{"name":"wp","href":"https:\/\/api.w.org\/{rel}","templated":true}]}}