{"id":161148,"date":"2024-02-29T13:23:51","date_gmt":"2024-02-29T12:23:51","guid":{"rendered":"https:\/\/shop.moldbrothers.com\/?post_type=product&#038;p=161148"},"modified":"2024-04-09T12:29:05","modified_gmt":"2024-04-09T10:29:05","slug":"flower-8-cutters","status":"publish","type":"product","link":"https:\/\/shop.moldbrothers.com\/de\/produkt\/flower-8-cutters\/","title":{"rendered":"Blume 8 Ausstecher"},"content":{"rendered":"","protected":false},"excerpt":{"rendered":"<p>Die neuen Flower 8 Kunststoffausstecher, mit denen Sie Ihre kulinarischen F\u00e4higkeiten verbessern k\u00f6nnen! Diese pr\u00e4zisen und praktischen Ausstecher eignen sich perfekt zum Formen von Gelees, (gekochtem) Gem\u00fcse, Obst und vielem mehr. Erh\u00e4ltlich in vier vielseitigen Gr\u00f6\u00dfen, von ca. 1 bis 5 cm.<\/p>\n<p>Diese Ausstechformen sind zwar sp\u00fclmaschinengeeignet, wir empfehlen jedoch eine niedrigere Temperatureinstellung, um die thermischen Eigenschaften des Kunststoffs zu erhalten. F\u00fcr eine optimale Langlebigkeit wird empfohlen, sie von Hand zu waschen.<\/p>","protected":false},"featured_media":161160,"template":"","meta":{"_seopress_robots_primary_cat":"none","_seopress_titles_title":"","_seopress_titles_desc":"","_seopress_robots_index":"yes"},"product_brand":[],"product_cat":[192,231],"product_tag":[790,786,789,788,787],"woo-feed-brand":[],"class_list":{"0":"post-161148","1":"product","2":"type-product","3":"status-publish","4":"has-post-thumbnail","6":"product_cat-kitchen-essentials","7":"product_cat-hidden","8":"product_tag-cut","9":"product_tag-cutter","10":"product_tag-plastic","11":"product_tag-punch","12":"product_tag-puncher","14":"first","15":"instock","16":"taxable","17":"shipping-taxable","18":"purchasable","19":"product-type-simple"},"_links":{"self":[{"href":"https:\/\/shop.moldbrothers.com\/de\/wp-json\/wp\/v2\/product\/161148","targetHints":{"allow":["GET"]}}],"collection":[{"href":"https:\/\/shop.moldbrothers.com\/de\/wp-json\/wp\/v2\/product"}],"about":[{"href":"https:\/\/shop.moldbrothers.com\/de\/wp-json\/wp\/v2\/types\/product"}],"wp:featuredmedia":[{"embeddable":true,"href":"https:\/\/shop.moldbrothers.com\/de\/wp-json\/wp\/v2\/media\/161160"}],"wp:attachment":[{"href":"https:\/\/shop.moldbrothers.com\/de\/wp-json\/wp\/v2\/media?parent=161148"}],"wp:term":[{"taxonomy":"product_brand","embeddable":true,"href":"https:\/\/shop.moldbrothers.com\/de\/wp-json\/wp\/v2\/product_brand?post=161148"},{"taxonomy":"product_cat","embeddable":true,"href":"https:\/\/shop.moldbrothers.com\/de\/wp-json\/wp\/v2\/product_cat?post=161148"},{"taxonomy":"product_tag","embeddable":true,"href":"https:\/\/shop.moldbrothers.com\/de\/wp-json\/wp\/v2\/product_tag?post=161148"},{"taxonomy":"woo-feed-brand","embeddable":true,"href":"https:\/\/shop.moldbrothers.com\/de\/wp-json\/wp\/v2\/woo-feed-brand?post=161148"}],"curies":[{"name":"wp","href":"https:\/\/api.w.org\/{rel}","templated":true}]}}