{"id":159728,"date":"2024-02-14T15:19:55","date_gmt":"2024-02-14T14:19:55","guid":{"rendered":"https:\/\/shop.moldbrothers.com\/?post_type=product&#038;p=159728"},"modified":"2026-03-25T08:54:05","modified_gmt":"2026-03-25T07:54:05","slug":"bloom-tartelette-set","status":"publish","type":"product","link":"https:\/\/shop.moldbrothers.com\/de\/produkt\/bloom-tartelette-set\/","title":{"rendered":"Bloom Tartelette Set"},"content":{"rendered":"","protected":false},"excerpt":{"rendered":"<p>Diese hochwertige Silikonform zur Herstellung von T\u00f6rtchen hat die Form einer Blume mit 5 Bl\u00fctenbl\u00e4ttern. Die Form verf\u00fcgt \u00fcber 4 Formen und ist aus lebensmittelechtem Silikon 100% hergestellt. Sie ist temperaturbest\u00e4ndig von -40\u00b0C bis +200\u00b0C und kann daher sowohl im (Schock-)Gefrierschrank als auch im Backofen verwendet werden.<\/p>","protected":false},"featured_media":159747,"template":"","meta":{"_seopress_robots_primary_cat":"none","_seopress_titles_title":"","_seopress_titles_desc":"","_seopress_robots_index":""},"product_brand":[],"product_cat":[913,451],"product_tag":[759,802,757,1035,755,758,756],"woo-feed-brand":[],"class_list":{"0":"post-159728","1":"product","2":"type-product","3":"status-publish","4":"has-post-thumbnail","6":"product_cat-tartelette-molds","7":"product_cat-a4-stencils","8":"product_tag-dough","9":"product_tag-original","10":"product_tag-tart","11":"product_tag-tartalette","12":"product_tag-tartelette","13":"product_tag-tartellete","14":"product_tag-tartellette","16":"first","17":"instock","18":"taxable","19":"shipping-taxable","20":"product-type-grouped"},"_links":{"self":[{"href":"https:\/\/shop.moldbrothers.com\/de\/wp-json\/wp\/v2\/product\/159728","targetHints":{"allow":["GET"]}}],"collection":[{"href":"https:\/\/shop.moldbrothers.com\/de\/wp-json\/wp\/v2\/product"}],"about":[{"href":"https:\/\/shop.moldbrothers.com\/de\/wp-json\/wp\/v2\/types\/product"}],"wp:featuredmedia":[{"embeddable":true,"href":"https:\/\/shop.moldbrothers.com\/de\/wp-json\/wp\/v2\/media\/159747"}],"wp:attachment":[{"href":"https:\/\/shop.moldbrothers.com\/de\/wp-json\/wp\/v2\/media?parent=159728"}],"wp:term":[{"taxonomy":"product_brand","embeddable":true,"href":"https:\/\/shop.moldbrothers.com\/de\/wp-json\/wp\/v2\/product_brand?post=159728"},{"taxonomy":"product_cat","embeddable":true,"href":"https:\/\/shop.moldbrothers.com\/de\/wp-json\/wp\/v2\/product_cat?post=159728"},{"taxonomy":"product_tag","embeddable":true,"href":"https:\/\/shop.moldbrothers.com\/de\/wp-json\/wp\/v2\/product_tag?post=159728"},{"taxonomy":"woo-feed-brand","embeddable":true,"href":"https:\/\/shop.moldbrothers.com\/de\/wp-json\/wp\/v2\/woo-feed-brand?post=159728"}],"curies":[{"name":"wp","href":"https:\/\/api.w.org\/{rel}","templated":true}]}}