{"id":157028,"date":"2023-12-20T08:49:25","date_gmt":"2023-12-20T07:49:25","guid":{"rendered":"https:\/\/shop.moldbrothers.com\/?post_type=product&#038;p=157028"},"modified":"2025-12-05T10:44:49","modified_gmt":"2025-12-05T09:44:49","slug":"moldbrothers-puncher-set-2","status":"publish","type":"product","link":"https:\/\/shop.moldbrothers.com\/de\/produkt\/moldbrothers-puncher-set-2\/","title":{"rendered":"Puncher Set - Erweiterung"},"content":{"rendered":"","protected":false},"excerpt":{"rendered":"<p>Hochwertige Edelstahl-Rundlocher, 10 St\u00fcck, von 1,5 bis 10,5 cm. Gefertigt aus massivem Edelstahl - diese Stanzer sind rostfrei, bleiben jahrelang scharf und verbiegen sich nicht. Erleben Sie Pr\u00e4zision und Langlebigkeit - w\u00e4hlen Sie Spitzenqualit\u00e4t f\u00fcr alle Ihre kulinarischen Projekte.<\/p>","protected":false},"featured_media":157035,"template":"","meta":{"_seopress_robots_primary_cat":"none","_seopress_titles_title":"","_seopress_titles_desc":"","_seopress_robots_index":"yes"},"product_brand":[],"product_cat":[192,231],"product_tag":[],"woo-feed-brand":[],"class_list":{"0":"post-157028","1":"product","2":"type-product","3":"status-publish","4":"has-post-thumbnail","6":"product_cat-kitchen-essentials","7":"product_cat-hidden","9":"first","10":"instock","11":"taxable","12":"shipping-taxable","13":"purchasable","14":"product-type-simple"},"_links":{"self":[{"href":"https:\/\/shop.moldbrothers.com\/de\/wp-json\/wp\/v2\/product\/157028","targetHints":{"allow":["GET"]}}],"collection":[{"href":"https:\/\/shop.moldbrothers.com\/de\/wp-json\/wp\/v2\/product"}],"about":[{"href":"https:\/\/shop.moldbrothers.com\/de\/wp-json\/wp\/v2\/types\/product"}],"wp:featuredmedia":[{"embeddable":true,"href":"https:\/\/shop.moldbrothers.com\/de\/wp-json\/wp\/v2\/media\/157035"}],"wp:attachment":[{"href":"https:\/\/shop.moldbrothers.com\/de\/wp-json\/wp\/v2\/media?parent=157028"}],"wp:term":[{"taxonomy":"product_brand","embeddable":true,"href":"https:\/\/shop.moldbrothers.com\/de\/wp-json\/wp\/v2\/product_brand?post=157028"},{"taxonomy":"product_cat","embeddable":true,"href":"https:\/\/shop.moldbrothers.com\/de\/wp-json\/wp\/v2\/product_cat?post=157028"},{"taxonomy":"product_tag","embeddable":true,"href":"https:\/\/shop.moldbrothers.com\/de\/wp-json\/wp\/v2\/product_tag?post=157028"},{"taxonomy":"woo-feed-brand","embeddable":true,"href":"https:\/\/shop.moldbrothers.com\/de\/wp-json\/wp\/v2\/woo-feed-brand?post=157028"}],"curies":[{"name":"wp","href":"https:\/\/api.w.org\/{rel}","templated":true}]}}