{"id":152383,"date":"2023-10-24T12:27:21","date_gmt":"2023-10-24T10:27:21","guid":{"rendered":"https:\/\/shop.moldbrothers.com\/?post_type=product&#038;p=152383"},"modified":"2025-10-20T14:46:24","modified_gmt":"2025-10-20T12:46:24","slug":"happy-anniversary-mold","status":"publish","type":"product","link":"https:\/\/shop.moldbrothers.com\/de\/produkt\/happy-anniversary-mold\/","title":{"rendered":"Alles Gute zum Jahrestag Mold"},"content":{"rendered":"","protected":false},"excerpt":{"rendered":"<p>Diese hochwertige Silikonform wurde speziell entwickelt, um Ihre besten W\u00fcnsche zu bedeutenden Anl\u00e4ssen oder Jahrestagen zu feiern und zu \u00fcbermitteln. Die Form enth\u00e4lt 1 Form und ist aus lebensmittelechtem Silikon 100% hergestellt. Sie ist temperaturbest\u00e4ndig zwischen -40\u00b0C und +200\u00b0C und damit sowohl f\u00fcr den (Schock-)Gefrierschrank als auch f\u00fcr den Backofen geeignet.<\/p>","protected":false},"featured_media":152410,"template":"","meta":{"_seopress_robots_primary_cat":"none","_seopress_titles_title":"","_seopress_titles_desc":"","_seopress_robots_index":""},"product_brand":[],"product_cat":[159,229],"product_tag":[512,998,511,509,615,510],"woo-feed-brand":[],"class_list":{"0":"post-152383","1":"product","2":"type-product","3":"status-publish","4":"has-post-thumbnail","6":"product_cat-3dmolds","7":"product_cat-abstract","8":"product_tag-congratulations","9":"product_tag-cumpleanos","10":"product_tag-feest","11":"product_tag-happy","12":"product_tag-party","13":"product_tag-verjaardag","15":"first","16":"instock","17":"taxable","18":"shipping-taxable","19":"purchasable","20":"product-type-simple"},"_links":{"self":[{"href":"https:\/\/shop.moldbrothers.com\/de\/wp-json\/wp\/v2\/product\/152383","targetHints":{"allow":["GET"]}}],"collection":[{"href":"https:\/\/shop.moldbrothers.com\/de\/wp-json\/wp\/v2\/product"}],"about":[{"href":"https:\/\/shop.moldbrothers.com\/de\/wp-json\/wp\/v2\/types\/product"}],"wp:featuredmedia":[{"embeddable":true,"href":"https:\/\/shop.moldbrothers.com\/de\/wp-json\/wp\/v2\/media\/152410"}],"wp:attachment":[{"href":"https:\/\/shop.moldbrothers.com\/de\/wp-json\/wp\/v2\/media?parent=152383"}],"wp:term":[{"taxonomy":"product_brand","embeddable":true,"href":"https:\/\/shop.moldbrothers.com\/de\/wp-json\/wp\/v2\/product_brand?post=152383"},{"taxonomy":"product_cat","embeddable":true,"href":"https:\/\/shop.moldbrothers.com\/de\/wp-json\/wp\/v2\/product_cat?post=152383"},{"taxonomy":"product_tag","embeddable":true,"href":"https:\/\/shop.moldbrothers.com\/de\/wp-json\/wp\/v2\/product_tag?post=152383"},{"taxonomy":"woo-feed-brand","embeddable":true,"href":"https:\/\/shop.moldbrothers.com\/de\/wp-json\/wp\/v2\/woo-feed-brand?post=152383"}],"curies":[{"name":"wp","href":"https:\/\/api.w.org\/{rel}","templated":true}]}}