{"id":147564,"date":"2023-08-08T11:52:56","date_gmt":"2023-08-08T09:52:56","guid":{"rendered":"https:\/\/shop.moldbrothers.com\/?post_type=product&#038;p=147564"},"modified":"2026-03-12T10:01:21","modified_gmt":"2026-03-12T09:01:21","slug":"pie-tee-flower","status":"publish","type":"product","link":"https:\/\/shop.moldbrothers.com\/de\/produkt\/pie-tee-flower\/","title":{"rendered":"Blumenkuchen-Tee"},"content":{"rendered":"","protected":false},"excerpt":{"rendered":"<p>Dieser hochwertige Aluminiumstempel in Form eines Bl\u00fctenblattes eignet sich perfekt f\u00fcr warme und kalte Zubereitungen. Ideal, um d\u00fcnne, knusprige Teigt\u00f6rtchen oder Croustades herzustellen, die anschlie\u00dfend gef\u00fcllt werden k\u00f6nnen - ideal f\u00fcr raffinierte Amuses oder kleine Snacks.<\/p>","protected":false},"featured_media":147568,"template":"","meta":{"_seopress_robots_primary_cat":"none","_seopress_titles_title":"","_seopress_titles_desc":"","_seopress_robots_index":""},"product_brand":[],"product_cat":[362],"product_tag":[507,1027,508,523,602,1023,912,1022,524,1026,1025,595,1018,599,1019,1020,639,1024,596,757,1021,598,597],"woo-feed-brand":[],"class_list":{"0":"post-147564","1":"product","2":"type-product","3":"status-publish","4":"has-post-thumbnail","6":"product_cat-bunuelos-pie-tee","7":"product_tag-batter","8":"product_tag-beignets","9":"product_tag-beslag","10":"product_tag-bloem","11":"product_tag-bunuelos","12":"product_tag-crisp","13":"product_tag-croustade","14":"product_tag-crust","15":"product_tag-flower","16":"product_tag-fried","17":"product_tag-fritters","18":"product_tag-fry","19":"product_tag-iron","20":"product_tag-oil","21":"product_tag-pee-tee","22":"product_tag-pie","23":"product_tag-rosette","24":"product_tag-shell","25":"product_tag-stamp","26":"product_tag-tart","27":"product_tag-tie","28":"product_tag-tool","29":"product_tag-tools","31":"first","32":"instock","33":"taxable","34":"shipping-taxable","35":"purchasable","36":"product-type-simple"},"_links":{"self":[{"href":"https:\/\/shop.moldbrothers.com\/de\/wp-json\/wp\/v2\/product\/147564","targetHints":{"allow":["GET"]}}],"collection":[{"href":"https:\/\/shop.moldbrothers.com\/de\/wp-json\/wp\/v2\/product"}],"about":[{"href":"https:\/\/shop.moldbrothers.com\/de\/wp-json\/wp\/v2\/types\/product"}],"wp:featuredmedia":[{"embeddable":true,"href":"https:\/\/shop.moldbrothers.com\/de\/wp-json\/wp\/v2\/media\/147568"}],"wp:attachment":[{"href":"https:\/\/shop.moldbrothers.com\/de\/wp-json\/wp\/v2\/media?parent=147564"}],"wp:term":[{"taxonomy":"product_brand","embeddable":true,"href":"https:\/\/shop.moldbrothers.com\/de\/wp-json\/wp\/v2\/product_brand?post=147564"},{"taxonomy":"product_cat","embeddable":true,"href":"https:\/\/shop.moldbrothers.com\/de\/wp-json\/wp\/v2\/product_cat?post=147564"},{"taxonomy":"product_tag","embeddable":true,"href":"https:\/\/shop.moldbrothers.com\/de\/wp-json\/wp\/v2\/product_tag?post=147564"},{"taxonomy":"woo-feed-brand","embeddable":true,"href":"https:\/\/shop.moldbrothers.com\/de\/wp-json\/wp\/v2\/woo-feed-brand?post=147564"}],"curies":[{"name":"wp","href":"https:\/\/api.w.org\/{rel}","templated":true}]}}