{"id":147278,"date":"2023-08-11T13:43:55","date_gmt":"2023-08-11T11:43:55","guid":{"rendered":"https:\/\/shop.moldbrothers.com\/?post_type=product&#038;p=147278"},"modified":"2025-04-24T13:36:15","modified_gmt":"2025-04-24T11:36:15","slug":"jules-cooking-x-moldbrothers-piping-molds","status":"publish","type":"product","link":"https:\/\/shop.moldbrothers.com\/de\/produkt\/jules-cooking-x-moldbrothers-piping-molds\/","title":{"rendered":"Jules Kochen x MoldBrothers Paspelieren Molds"},"content":{"rendered":"<div class=\"grid grid-cols-1 lg:grid-cols-2 lg:gap-12\"><div class=\"col-span-1 self-center\"><figure class=\"h-[clamp(200px,40vw,600px)!important]\"><img decoding=\"async\" class=\"w-full h-full object-cover object-center rounded-2xl\" src=\"https:\/\/shop.moldbrothers.com\/wp-content\/uploads\/2023\/08\/Jules-1v3-scaled.jpg\" alt=\"\" \/><\/figure><\/div><div class=\"col-span-1 self-center\"><div class=\"lg:pl-20\"><\/p>\n<h6>Zusammenarbeit<\/h6>\n<h2>\u00dcber den Koch<\/h2>\n<p>Seit seiner Kindheit war der Traum unseres MoldB-Schwiegerbruders klar: Koch zu werden. Ob im Garten seiner Mutter oder in der K\u00fcche seines Vaters, er liebte das Kochen und Experimentieren. Er begann in kleinen K\u00fcchen und drehte mit f\u00fcnfzehn sein erstes Kochvideo. Ein Praktikum im renommierten, mit drei Michelin-Sternen ausgezeichneten Restaurant Oud Sluis festigte seinen Ehrgeiz.<\/p>\n<p>Jetzt er <a href=\"https:\/\/www.julescooking.com\/\">Anteile<\/a> Seine kulinarische Expertise vereint seine Leidenschaft f\u00fcr Geb\u00e4ck mit klassischen franz\u00f6sischen Techniken, um feine kulinarische Erlebnisse und innovative Gerichte zu kreieren.<\/p>\n<p>Die Idee, gemeinsam eine Form herzustellen, war schon immer eine Idee, aber schlie\u00dflich haben wir gemeinsam das perfekte Konzept gefunden. Und wir sind so stolz, es zu teilen!<\/div><\/div><\/div>","protected":false},"excerpt":{"rendered":"<p><strong>Inklusive Rezeptkarte von Jules Cooking<\/strong><\/p>\n<p>Eine hochwertige Silikonform in Form eines kreisf\u00f6rmigen Musters aus einer Spritzcreme. Die Form besteht aus lebensmittelechtem Silikon 100%.<\/p>\n<p>Die Form kann einer Temperatur zwischen -40 \u00b0C und +200 \u00b0C standhalten. Die Form ist daher sowohl f\u00fcr die (Schock-)Gefriertruhe als auch f\u00fcr den Backofen geeignet.<\/p>\n<p>Die Schablone ist nicht sp\u00fclmaschinenfest. Wir empfehlen, die Schablone mit lauwarmem Wasser (40\u00b0C) ohne Verwendung von Reinigungsmitteln abzusp\u00fclen.<\/p>","protected":false},"featured_media":147293,"template":"","meta":{"_seopress_robots_primary_cat":"none","_seopress_titles_title":"","_seopress_titles_desc":"","_seopress_robots_index":""},"product_brand":[],"product_cat":[159,229,228,203],"product_tag":[554,555,517,556,552,495],"woo-feed-brand":[],"class_list":{"0":"post-147278","1":"product","2":"type-product","3":"status-publish","4":"has-post-thumbnail","6":"product_cat-3dmolds","7":"product_cat-abstract","8":"product_cat-2dmolds","9":"product_cat-graphic","10":"product_tag-chef","11":"product_tag-jules","12":"product_tag-recipe","13":"product_tag-set","14":"product_tag-sjabloon","15":"product_tag-tuile","17":"first","18":"instock","19":"sale","20":"taxable","21":"shipping-taxable","22":"product-type-grouped"},"_links":{"self":[{"href":"https:\/\/shop.moldbrothers.com\/de\/wp-json\/wp\/v2\/product\/147278","targetHints":{"allow":["GET"]}}],"collection":[{"href":"https:\/\/shop.moldbrothers.com\/de\/wp-json\/wp\/v2\/product"}],"about":[{"href":"https:\/\/shop.moldbrothers.com\/de\/wp-json\/wp\/v2\/types\/product"}],"wp:featuredmedia":[{"embeddable":true,"href":"https:\/\/shop.moldbrothers.com\/de\/wp-json\/wp\/v2\/media\/147293"}],"wp:attachment":[{"href":"https:\/\/shop.moldbrothers.com\/de\/wp-json\/wp\/v2\/media?parent=147278"}],"wp:term":[{"taxonomy":"product_brand","embeddable":true,"href":"https:\/\/shop.moldbrothers.com\/de\/wp-json\/wp\/v2\/product_brand?post=147278"},{"taxonomy":"product_cat","embeddable":true,"href":"https:\/\/shop.moldbrothers.com\/de\/wp-json\/wp\/v2\/product_cat?post=147278"},{"taxonomy":"product_tag","embeddable":true,"href":"https:\/\/shop.moldbrothers.com\/de\/wp-json\/wp\/v2\/product_tag?post=147278"},{"taxonomy":"woo-feed-brand","embeddable":true,"href":"https:\/\/shop.moldbrothers.com\/de\/wp-json\/wp\/v2\/woo-feed-brand?post=147278"}],"curies":[{"name":"wp","href":"https:\/\/api.w.org\/{rel}","templated":true}]}}