{"id":145430,"date":"2023-06-23T11:11:48","date_gmt":"2023-06-23T09:11:48","guid":{"rendered":"https:\/\/shop.moldbrothers.com\/?post_type=product&#038;p=145430"},"modified":"2026-03-19T10:23:43","modified_gmt":"2026-03-19T09:23:43","slug":"moldpat-1-2","status":"publish","type":"product","link":"https:\/\/shop.moldbrothers.com\/de\/produkt\/moldpat-1-2\/","title":{"rendered":"MoldPat 1\/2"},"content":{"rendered":"","protected":false},"excerpt":{"rendered":"<p>Diese mit Pr\u00e4zision gefertigte hochwertige Silikonbackmatte verf\u00fcgt \u00fcber ein innen gewebtes Glasfasernetz f\u00fcr zus\u00e4tzliche Haltbarkeit und Stabilit\u00e4t. Sie h\u00e4lt Temperaturen von -40\u00b0C bis +200\u00b0C stand und ist sowohl f\u00fcr den (Schock-)Gefrierschrank als auch f\u00fcr den Backofen geeignet - ideal zum gleichm\u00e4\u00dfigen Backen, Garen oder Einfrieren.<\/p>","protected":false},"featured_media":165647,"template":"","meta":{"_seopress_robots_primary_cat":"none","_seopress_titles_title":"Silicone Mat 1\/2 | MoldBrothers","_seopress_titles_desc":"The MoldPat 1\/3 is a durable silicone baking mat and a reliable Silpat alternative. Designed for professional kitchens, it provides consistent baking results, easy release and long-lasting performance.","_seopress_robots_index":""},"product_brand":[],"product_cat":[192],"product_tag":[695,696,697,698,1498],"woo-feed-brand":[],"class_list":{"0":"post-145430","1":"product","2":"type-product","3":"status-publish","4":"has-post-thumbnail","6":"product_cat-kitchen-essentials","7":"product_tag-baking","8":"product_tag-mat","9":"product_tag-pat","10":"product_tag-silicone","11":"product_tag-silpat","13":"first","14":"outofstock","15":"taxable","16":"shipping-taxable","17":"purchasable","18":"product-type-simple"},"_links":{"self":[{"href":"https:\/\/shop.moldbrothers.com\/de\/wp-json\/wp\/v2\/product\/145430","targetHints":{"allow":["GET"]}}],"collection":[{"href":"https:\/\/shop.moldbrothers.com\/de\/wp-json\/wp\/v2\/product"}],"about":[{"href":"https:\/\/shop.moldbrothers.com\/de\/wp-json\/wp\/v2\/types\/product"}],"wp:featuredmedia":[{"embeddable":true,"href":"https:\/\/shop.moldbrothers.com\/de\/wp-json\/wp\/v2\/media\/165647"}],"wp:attachment":[{"href":"https:\/\/shop.moldbrothers.com\/de\/wp-json\/wp\/v2\/media?parent=145430"}],"wp:term":[{"taxonomy":"product_brand","embeddable":true,"href":"https:\/\/shop.moldbrothers.com\/de\/wp-json\/wp\/v2\/product_brand?post=145430"},{"taxonomy":"product_cat","embeddable":true,"href":"https:\/\/shop.moldbrothers.com\/de\/wp-json\/wp\/v2\/product_cat?post=145430"},{"taxonomy":"product_tag","embeddable":true,"href":"https:\/\/shop.moldbrothers.com\/de\/wp-json\/wp\/v2\/product_tag?post=145430"},{"taxonomy":"woo-feed-brand","embeddable":true,"href":"https:\/\/shop.moldbrothers.com\/de\/wp-json\/wp\/v2\/woo-feed-brand?post=145430"}],"curies":[{"name":"wp","href":"https:\/\/api.w.org\/{rel}","templated":true}]}}