{"id":143544,"date":"2023-01-11T11:36:38","date_gmt":"2023-01-11T10:36:38","guid":{"rendered":"https:\/\/shop.moldbrothers.com\/?post_type=product&#038;p=143544"},"modified":"2026-01-07T11:52:10","modified_gmt":"2026-01-07T10:52:10","slug":"basic-stencil-case-2","status":"publish","type":"product","link":"https:\/\/shop.moldbrothers.com\/de\/produkt\/basic-stencil-case-2\/","title":{"rendered":"Einfacher Schablonenkoffer"},"content":{"rendered":"","protected":false},"excerpt":{"rendered":"<p>Dieser Basis-Schablonenkoffer besteht aus 1 mm dicken Polystyrolplatten und bietet eine vielseitige Grundlage f\u00fcr pr\u00e4zises Plattieren. Das Set enth\u00e4lt:<\/p>\n<p>\u2013 A3-Kreisschablone 4,5 cm \u00f8<br \/>\n\u2013 A3 quadratische Schablone 4,5 cm x 4,5 cm<br \/>\n\u2013 A3-Zylinderschablone 15 cm x 5 cm<br \/>\n- A3 Einseitige Dreiecksschablone 12,1 cm x 3,1 cm<br \/>\n- A3 Zweiseitige Dreiecksschablone 7 cm x 4 cm<\/p>\n<p>Die Schablone ist nicht sp\u00fclmaschinenfest. Wir empfehlen, sie mit lauwarmem Wasser (40\u00b0C) ohne Reinigungsmittel abzusp\u00fclen.<\/p>","protected":false},"featured_media":143299,"template":"","meta":{"_seopress_robots_primary_cat":"none","_seopress_titles_title":"","_seopress_titles_desc":"","_seopress_robots_index":""},"product_brand":[],"product_cat":[170,198],"product_tag":[],"woo-feed-brand":[],"class_list":{"0":"post-143544","1":"product","2":"type-product","3":"status-publish","4":"has-post-thumbnail","6":"product_cat-stencils","7":"product_cat-a3-stencils","9":"first","10":"instock","11":"taxable","12":"shipping-taxable","13":"product-type-grouped"},"_links":{"self":[{"href":"https:\/\/shop.moldbrothers.com\/de\/wp-json\/wp\/v2\/product\/143544","targetHints":{"allow":["GET"]}}],"collection":[{"href":"https:\/\/shop.moldbrothers.com\/de\/wp-json\/wp\/v2\/product"}],"about":[{"href":"https:\/\/shop.moldbrothers.com\/de\/wp-json\/wp\/v2\/types\/product"}],"wp:featuredmedia":[{"embeddable":true,"href":"https:\/\/shop.moldbrothers.com\/de\/wp-json\/wp\/v2\/media\/143299"}],"wp:attachment":[{"href":"https:\/\/shop.moldbrothers.com\/de\/wp-json\/wp\/v2\/media?parent=143544"}],"wp:term":[{"taxonomy":"product_brand","embeddable":true,"href":"https:\/\/shop.moldbrothers.com\/de\/wp-json\/wp\/v2\/product_brand?post=143544"},{"taxonomy":"product_cat","embeddable":true,"href":"https:\/\/shop.moldbrothers.com\/de\/wp-json\/wp\/v2\/product_cat?post=143544"},{"taxonomy":"product_tag","embeddable":true,"href":"https:\/\/shop.moldbrothers.com\/de\/wp-json\/wp\/v2\/product_tag?post=143544"},{"taxonomy":"woo-feed-brand","embeddable":true,"href":"https:\/\/shop.moldbrothers.com\/de\/wp-json\/wp\/v2\/woo-feed-brand?post=143544"}],"curies":[{"name":"wp","href":"https:\/\/api.w.org\/{rel}","templated":true}]}}