{"id":143343,"date":"2023-01-09T12:21:02","date_gmt":"2023-01-09T11:21:02","guid":{"rendered":"https:\/\/shop.moldbrothers.com\/?post_type=product&#038;p=143343"},"modified":"2026-01-07T11:45:59","modified_gmt":"2026-01-07T10:45:59","slug":"quadrat-3-9","status":"publish","type":"product","link":"https:\/\/shop.moldbrothers.com\/de\/produkt\/quadrat-3-9\/","title":{"rendered":"Quadratisches Schablonenetui"},"content":{"rendered":"","protected":false},"excerpt":{"rendered":"<p>Dieser quadratische Schablonenkoffer besteht aus 1 mm dicken Polystyrolplatten und bietet eine solide, pr\u00e4zise Basis f\u00fcr Ihre Gerichte. Der Koffer enth\u00e4lt:<\/p>\n<ul>\n<li>A3 Quadratische Schablone 2,5 cm<\/li>\n<li>A3 Quadratische Schablone 3,5 cm<\/li>\n<li>A3 Quadratische Schablone 4,5 cm<\/li>\n<\/ul>\n<p>Die Schablone ist nicht sp\u00fclmaschinenfest. Wir empfehlen, sie mit lauwarmem Wasser (40\u00b0C) ohne Reinigungsmittel abzusp\u00fclen.<\/p>","protected":false},"featured_media":143344,"template":"","meta":{"_seopress_robots_primary_cat":"none","_seopress_titles_title":"","_seopress_titles_desc":"","_seopress_robots_index":""},"product_brand":[],"product_cat":[170,198],"product_tag":[],"woo-feed-brand":[],"class_list":{"0":"post-143343","1":"product","2":"type-product","3":"status-publish","4":"has-post-thumbnail","6":"product_cat-stencils","7":"product_cat-a3-stencils","9":"first","10":"instock","11":"taxable","12":"shipping-taxable","13":"product-type-grouped"},"_links":{"self":[{"href":"https:\/\/shop.moldbrothers.com\/de\/wp-json\/wp\/v2\/product\/143343","targetHints":{"allow":["GET"]}}],"collection":[{"href":"https:\/\/shop.moldbrothers.com\/de\/wp-json\/wp\/v2\/product"}],"about":[{"href":"https:\/\/shop.moldbrothers.com\/de\/wp-json\/wp\/v2\/types\/product"}],"wp:featuredmedia":[{"embeddable":true,"href":"https:\/\/shop.moldbrothers.com\/de\/wp-json\/wp\/v2\/media\/143344"}],"wp:attachment":[{"href":"https:\/\/shop.moldbrothers.com\/de\/wp-json\/wp\/v2\/media?parent=143343"}],"wp:term":[{"taxonomy":"product_brand","embeddable":true,"href":"https:\/\/shop.moldbrothers.com\/de\/wp-json\/wp\/v2\/product_brand?post=143343"},{"taxonomy":"product_cat","embeddable":true,"href":"https:\/\/shop.moldbrothers.com\/de\/wp-json\/wp\/v2\/product_cat?post=143343"},{"taxonomy":"product_tag","embeddable":true,"href":"https:\/\/shop.moldbrothers.com\/de\/wp-json\/wp\/v2\/product_tag?post=143343"},{"taxonomy":"woo-feed-brand","embeddable":true,"href":"https:\/\/shop.moldbrothers.com\/de\/wp-json\/wp\/v2\/woo-feed-brand?post=143343"}],"curies":[{"name":"wp","href":"https:\/\/api.w.org\/{rel}","templated":true}]}}