{"id":141024,"date":"2023-03-29T08:41:36","date_gmt":"2023-03-29T06:41:36","guid":{"rendered":"https:\/\/moldbrothers.nl\/?post_type=product&#038;p=141024"},"modified":"2026-01-05T12:15:33","modified_gmt":"2026-01-05T11:15:33","slug":"brian-mark-hansen-x-moldbrothers-bocuse-butterfly-mold","status":"publish","type":"product","link":"https:\/\/shop.moldbrothers.com\/de\/produkt\/brian-mark-hansen-x-moldbrothers-bocuse-butterfly-mold\/","title":{"rendered":"Brian Mark Hansen x MoldBrothers Bocuse Butterfly Mold"},"content":{"rendered":"<div class=\"grid grid-cols-1 lg:grid-cols-2 lg:gap-12\"><div class=\"col-span-1 self-center\"><figure class=\"h-[clamp(200px,40vw,600px)!important]\"><img decoding=\"async\" class=\"w-full h-full object-cover object-center rounded-2xl\" src=\"https:\/\/shop.moldbrothers.com\/wp-content\/uploads\/2023\/03\/DK_picture_candidate_Brian-Mark-Hansen-534x800-1.jpg\" alt=\"\" \/><\/figure><\/div><div class=\"col-span-1 self-center\"><div class=\"lg:pl-20\"><\/p>\n<h6>Zusammenarbeit<\/h6>\n<h2>Brian Mark Hansen<\/h2>\n<p>Brian Mark Hansen, ein bekannter d\u00e4nischer Kochk\u00fcnstler, hat als Chefkoch im Ruths Hotel, im Kong Hans K\u00e6lder, in Christiansholm und im S\u00f8ller\u00f8d Kro einen unverwechselbaren Stil verfeinert. Er hat mehrere Auszeichnungen erhalten, darunter den zweiten Platz bei den Wettbewerben \u201eKoch des Jahres 2010\u201c und \u201eBocuse d&#039;Or Denmark 2013\u201c. Er hat auch Auszeichnungen f\u00fcr seine Wild-, Hummer- und Schweinefleischgerichte erhalten. Als K\u00fcchenchef hat er S\u00f8ller\u00f8d Kro den Michelin-Stern behalten und das Restaurant wurde im Den Danske Spiseguide 2018 zum Restaurant des Jahres gek\u00fcrt.<\/p>\n<p><strong>*Mit der Form erhalten Sie zwei Tuille-Rezepte, damit Sie sofort loslegen k\u00f6nnen!<\/strong><\/div><\/div><\/div>","protected":false},"excerpt":{"rendered":"<p>Diese hochwertige Silikonform mit der Form der \"Bocuse-Schmetterlingsblume\" von Brian Mark Hansen enth\u00e4lt 4 Formen und ist aus lebensmittelechtem Silikon 100% hergestellt. Die Form h\u00e4lt einer Temperatur zwischen -40\u00b0C und +200\u00b0C stand. Die Form ist also sowohl f\u00fcr den (Schock-)Gefrierschrank als auch f\u00fcr den Backofen geeignet.<\/p>","protected":false},"featured_media":141030,"template":"","meta":{"_seopress_robots_primary_cat":"none","_seopress_titles_title":"","_seopress_titles_desc":"","_seopress_robots_index":""},"product_brand":[],"product_cat":[228,237],"product_tag":[591,554,517,495,558,519,488,593,544,592],"woo-feed-brand":[],"class_list":{"0":"post-141024","1":"product","2":"type-product","3":"status-publish","4":"has-post-thumbnail","6":"product_cat-2dmolds","7":"product_cat-natural","8":"product_tag-buterfly","9":"product_tag-chef","10":"product_tag-recipe","11":"product_tag-tuile","12":"product_tag-tuille","13":"product_tag-tuille-forme","14":"product_tag-valentine","15":"product_tag-vleugels","16":"product_tag-vlinder","17":"product_tag-wings","19":"first","20":"instock","21":"taxable","22":"shipping-taxable","23":"purchasable","24":"product-type-simple"},"_links":{"self":[{"href":"https:\/\/shop.moldbrothers.com\/de\/wp-json\/wp\/v2\/product\/141024","targetHints":{"allow":["GET"]}}],"collection":[{"href":"https:\/\/shop.moldbrothers.com\/de\/wp-json\/wp\/v2\/product"}],"about":[{"href":"https:\/\/shop.moldbrothers.com\/de\/wp-json\/wp\/v2\/types\/product"}],"wp:featuredmedia":[{"embeddable":true,"href":"https:\/\/shop.moldbrothers.com\/de\/wp-json\/wp\/v2\/media\/141030"}],"wp:attachment":[{"href":"https:\/\/shop.moldbrothers.com\/de\/wp-json\/wp\/v2\/media?parent=141024"}],"wp:term":[{"taxonomy":"product_brand","embeddable":true,"href":"https:\/\/shop.moldbrothers.com\/de\/wp-json\/wp\/v2\/product_brand?post=141024"},{"taxonomy":"product_cat","embeddable":true,"href":"https:\/\/shop.moldbrothers.com\/de\/wp-json\/wp\/v2\/product_cat?post=141024"},{"taxonomy":"product_tag","embeddable":true,"href":"https:\/\/shop.moldbrothers.com\/de\/wp-json\/wp\/v2\/product_tag?post=141024"},{"taxonomy":"woo-feed-brand","embeddable":true,"href":"https:\/\/shop.moldbrothers.com\/de\/wp-json\/wp\/v2\/woo-feed-brand?post=141024"}],"curies":[{"name":"wp","href":"https:\/\/api.w.org\/{rel}","templated":true}]}}