{"id":140893,"date":"2023-03-27T13:38:30","date_gmt":"2023-03-27T11:38:30","guid":{"rendered":"https:\/\/moldbrothers.nl\/?post_type=product&#038;p=140893"},"modified":"2025-11-26T11:43:22","modified_gmt":"2025-11-26T10:43:22","slug":"ovale-wannenform","status":"publish","type":"product","link":"https:\/\/shop.moldbrothers.com\/de\/produkt\/ovale-wannenform\/","title":{"rendered":"Ovalwanne Mold"},"content":{"rendered":"","protected":false},"excerpt":{"rendered":"<p>Die hochwertige Silikonform in Form eines Ovals mit ausgeh\u00f6hlter Mitte enth\u00e4lt 6 Formen und ist aus lebensmittelechtem Silikon 100% hergestellt. Die Form h\u00e4lt einer Temperatur zwischen -40\u00b0C und +200\u00b0C stand. Die Form ist also sowohl f\u00fcr den (Schock-)Gefrierschrank als auch f\u00fcr den Backofen geeignet.<\/p>","protected":false},"featured_media":140907,"template":"","meta":{"_seopress_robots_primary_cat":"none","_seopress_titles_title":"","_seopress_titles_desc":"","_seopress_robots_index":""},"product_brand":[],"product_cat":[159,193],"product_tag":[619,559,606,630],"woo-feed-brand":[],"class_list":{"0":"post-140893","1":"product","2":"type-product","3":"status-publish","4":"has-post-thumbnail","6":"product_cat-3dmolds","7":"product_cat-essentials","8":"product_tag-moul","9":"product_tag-moule","10":"product_tag-moulle","11":"product_tag-ovaal","13":"first","14":"instock","15":"taxable","16":"shipping-taxable","17":"purchasable","18":"product-type-simple"},"_links":{"self":[{"href":"https:\/\/shop.moldbrothers.com\/de\/wp-json\/wp\/v2\/product\/140893","targetHints":{"allow":["GET"]}}],"collection":[{"href":"https:\/\/shop.moldbrothers.com\/de\/wp-json\/wp\/v2\/product"}],"about":[{"href":"https:\/\/shop.moldbrothers.com\/de\/wp-json\/wp\/v2\/types\/product"}],"wp:featuredmedia":[{"embeddable":true,"href":"https:\/\/shop.moldbrothers.com\/de\/wp-json\/wp\/v2\/media\/140907"}],"wp:attachment":[{"href":"https:\/\/shop.moldbrothers.com\/de\/wp-json\/wp\/v2\/media?parent=140893"}],"wp:term":[{"taxonomy":"product_brand","embeddable":true,"href":"https:\/\/shop.moldbrothers.com\/de\/wp-json\/wp\/v2\/product_brand?post=140893"},{"taxonomy":"product_cat","embeddable":true,"href":"https:\/\/shop.moldbrothers.com\/de\/wp-json\/wp\/v2\/product_cat?post=140893"},{"taxonomy":"product_tag","embeddable":true,"href":"https:\/\/shop.moldbrothers.com\/de\/wp-json\/wp\/v2\/product_tag?post=140893"},{"taxonomy":"woo-feed-brand","embeddable":true,"href":"https:\/\/shop.moldbrothers.com\/de\/wp-json\/wp\/v2\/woo-feed-brand?post=140893"}],"curies":[{"name":"wp","href":"https:\/\/api.w.org\/{rel}","templated":true}]}}