{"id":140888,"date":"2023-03-27T12:27:35","date_gmt":"2023-03-27T10:27:35","guid":{"rendered":"https:\/\/moldbrothers.nl\/?post_type=product&#038;p=140888"},"modified":"2026-04-07T11:34:11","modified_gmt":"2026-04-07T09:34:11","slug":"waffel-sandwich-formen","status":"publish","type":"product","link":"https:\/\/shop.moldbrothers.com\/de\/produkt\/waffel-sandwich-formen\/","title":{"rendered":"Waffelsandwich Molds"},"content":{"rendered":"","protected":false},"excerpt":{"rendered":"<p>Diese hochwertige Silikonform mit der Form des niederl\u00e4ndischen Klassikers Stroopwafel enth\u00e4lt 6 komplette Formen und ist aus lebensmittelechtem Silikon 100% hergestellt. Mit 6 Formen k\u00f6nnen Sie 6 Sandwich-Kekse in einem Durchgang herstellen. Die Form h\u00e4lt einer Temperatur zwischen -40\u00b0C und +200\u00b0C stand. Die Form ist also sowohl f\u00fcr den (Schock-)Gefrierschrank als auch f\u00fcr den Backofen geeignet.<\/p>","protected":false},"featured_media":143976,"template":"","meta":{"_seopress_robots_primary_cat":"none","_seopress_titles_title":"","_seopress_titles_desc":"","_seopress_robots_index":""},"product_brand":[],"product_cat":[228,203],"product_tag":[634,484,626],"woo-feed-brand":[],"class_list":{"0":"post-140888","1":"product","2":"type-product","3":"status-publish","4":"has-post-thumbnail","6":"product_cat-2dmolds","7":"product_cat-graphic","8":"product_tag-cookie","9":"product_tag-ice","10":"product_tag-icecream","12":"first","13":"instock","14":"sale","15":"taxable","16":"shipping-taxable","17":"product-type-grouped"},"_links":{"self":[{"href":"https:\/\/shop.moldbrothers.com\/de\/wp-json\/wp\/v2\/product\/140888","targetHints":{"allow":["GET"]}}],"collection":[{"href":"https:\/\/shop.moldbrothers.com\/de\/wp-json\/wp\/v2\/product"}],"about":[{"href":"https:\/\/shop.moldbrothers.com\/de\/wp-json\/wp\/v2\/types\/product"}],"wp:featuredmedia":[{"embeddable":true,"href":"https:\/\/shop.moldbrothers.com\/de\/wp-json\/wp\/v2\/media\/143976"}],"wp:attachment":[{"href":"https:\/\/shop.moldbrothers.com\/de\/wp-json\/wp\/v2\/media?parent=140888"}],"wp:term":[{"taxonomy":"product_brand","embeddable":true,"href":"https:\/\/shop.moldbrothers.com\/de\/wp-json\/wp\/v2\/product_brand?post=140888"},{"taxonomy":"product_cat","embeddable":true,"href":"https:\/\/shop.moldbrothers.com\/de\/wp-json\/wp\/v2\/product_cat?post=140888"},{"taxonomy":"product_tag","embeddable":true,"href":"https:\/\/shop.moldbrothers.com\/de\/wp-json\/wp\/v2\/product_tag?post=140888"},{"taxonomy":"woo-feed-brand","embeddable":true,"href":"https:\/\/shop.moldbrothers.com\/de\/wp-json\/wp\/v2\/woo-feed-brand?post=140888"}],"curies":[{"name":"wp","href":"https:\/\/api.w.org\/{rel}","templated":true}]}}