{"id":140884,"date":"2023-03-27T11:56:00","date_gmt":"2023-03-27T09:56:00","guid":{"rendered":"https:\/\/moldbrothers.nl\/?post_type=product&#038;p=140884"},"modified":"2026-04-07T11:32:58","modified_gmt":"2026-04-07T09:32:58","slug":"waffle-sandwich-exterior","status":"publish","type":"product","link":"https:\/\/shop.moldbrothers.com\/de\/produkt\/waffle-sandwich-exterior\/","title":{"rendered":"Waffel-Sandwich-Au\u00dfenseite"},"content":{"rendered":"<p>Eine hochwertige Silikonform mit der Form eines gezackten Zylinders, der mit einem Waffelkreuzmuster versehen ist. Die Formen sind aus lebensmittelechtem Silikon 100% hergestellt.<\/p>\n<p>Die Form kann einer Temperatur zwischen -40 \u00b0C und +200 \u00b0C standhalten. Die Form ist daher sowohl f\u00fcr die (Schock-)Gefriertruhe als auch f\u00fcr den Backofen geeignet.<\/p>\n<p><strong>Gr\u00f6\u00dfe pro Form: 5 cm \u00f8 x 2 mm<br \/>\nAnzahl der Formen: 12 Stk.<br \/>\nGewicht: 250 Gramm<\/strong><\/p>","protected":false},"excerpt":{"rendered":"<h2>Waffel-Sandwich-Set<\/h2>\n<div class=\"group w-full text-gray-800 dark:text-gray-100 border-b border-black\/10 dark:border-gray-900\/50 bg-gray-50 dark:bg-[#444654]\">\n<div class=\"text-base gap-4 md:gap-6 md:max-w-2xl lg:max-w-2xl xl:max-w-3xl p-4 md:py-6 flex lg:px-0 m-auto\">\n<div class=\"relative flex w-[calc(100%-50px)] flex-col gap-1 md:gap-3 lg:w-[calc(100%-115px)]\">\n<div class=\"flex flex-grow flex-col gap-3\">\n<div class=\"min-h-[20px] flex flex-col items-start gap-4 whitespace-pre-wrap\">\n<div class=\"markdown prose w-full break-words dark:prose-invert light\">\n<p>Dieses Waffel-Sandwich-Set basiert auf dem klassischen Eiscreme-Sandwich und hat eine einzigartige, pers\u00f6nliche Note. Um unser niederl\u00e4ndisches Erbe zu feiern, wurde dieses Set mit einem \"Stroopwafel\"-Muster versehen. Sie k\u00f6nnen diese Form allein verwenden, um zum Beispiel eine herzhafte Basis f\u00fcr ein Amuse-Bouche zu kreieren. Oder Sie backen zwei Schokoladenkekse mit einer Vanillef\u00fcllung dazwischen.<\/p>\n<\/div>\n<\/div>\n<\/div>\n<div class=\"flex justify-between\">\n<div class=\"text-gray-400 flex self-end lg:self-center justify-center mt-2 gap-3 md:gap-4 lg:gap-1 lg:absolute lg:top-0 lg:translate-x-full lg:right-0 lg:mt-0 lg:pl-2 visible\"><\/div>\n<\/div>\n<\/div>\n<\/div>\n<\/div>","protected":false},"featured_media":140977,"template":"","meta":{"_seopress_robots_primary_cat":"none","_seopress_titles_title":"","_seopress_titles_desc":"","_seopress_robots_index":""},"product_brand":[],"product_cat":[228,231],"product_tag":[],"woo-feed-brand":[],"class_list":{"0":"post-140884","1":"product","2":"type-product","3":"status-publish","4":"has-post-thumbnail","6":"product_cat-2dmolds","7":"product_cat-hidden","9":"first","10":"instock","11":"taxable","12":"shipping-taxable","13":"purchasable","14":"product-type-simple"},"_links":{"self":[{"href":"https:\/\/shop.moldbrothers.com\/de\/wp-json\/wp\/v2\/product\/140884","targetHints":{"allow":["GET"]}}],"collection":[{"href":"https:\/\/shop.moldbrothers.com\/de\/wp-json\/wp\/v2\/product"}],"about":[{"href":"https:\/\/shop.moldbrothers.com\/de\/wp-json\/wp\/v2\/types\/product"}],"wp:featuredmedia":[{"embeddable":true,"href":"https:\/\/shop.moldbrothers.com\/de\/wp-json\/wp\/v2\/media\/140977"}],"wp:attachment":[{"href":"https:\/\/shop.moldbrothers.com\/de\/wp-json\/wp\/v2\/media?parent=140884"}],"wp:term":[{"taxonomy":"product_brand","embeddable":true,"href":"https:\/\/shop.moldbrothers.com\/de\/wp-json\/wp\/v2\/product_brand?post=140884"},{"taxonomy":"product_cat","embeddable":true,"href":"https:\/\/shop.moldbrothers.com\/de\/wp-json\/wp\/v2\/product_cat?post=140884"},{"taxonomy":"product_tag","embeddable":true,"href":"https:\/\/shop.moldbrothers.com\/de\/wp-json\/wp\/v2\/product_tag?post=140884"},{"taxonomy":"woo-feed-brand","embeddable":true,"href":"https:\/\/shop.moldbrothers.com\/de\/wp-json\/wp\/v2\/woo-feed-brand?post=140884"}],"curies":[{"name":"wp","href":"https:\/\/api.w.org\/{rel}","templated":true}]}}