{"id":140325,"date":"2023-03-15T15:16:27","date_gmt":"2023-03-15T14:16:27","guid":{"rendered":"https:\/\/moldbrothers.nl\/?post_type=product&#038;p=140325"},"modified":"2023-08-24T16:04:20","modified_gmt":"2023-08-24T14:04:20","slug":"zitrusschimmel-3d","status":"publish","type":"product","link":"https:\/\/shop.moldbrothers.com\/de\/produkt\/zitrusschimmel-3d\/","title":{"rendered":"Zitrus Mold"},"content":{"rendered":"<p>Eine hochwertige Silikonform in Form einer Zitrusfrucht. Die Form enth\u00e4lt 4 Formen und besteht aus lebensmittelechtem Silikon 100%.<\/p>\n<p>Die Form kann einer Temperatur zwischen -40 \u00b0C und +200 \u00b0C standhalten. Die Form ist daher sowohl f\u00fcr die (Schock-)Gefriertruhe als auch f\u00fcr den Backofen geeignet.<\/p>\n<p><strong>Gr\u00f6\u00dfe pro Form: 6,5 \u00d8 cm x 2,2 cm<br \/>\nInhalt: 90 ml<br \/>\n<\/strong><strong>Anzahl Formen: 4 Stk.<br \/>\nGewicht: 575 Gramm<\/strong><\/p>","protected":false},"excerpt":{"rendered":"<h2 style=\"text-align: center;\">Zitrus Mold<\/h2>\n<p style=\"text-align: center;\">Citrus ist der Sammelbegriff f\u00fcr viele k\u00f6stliche Fr\u00fcchte. Sie alle haben dicke Schalen in den sch\u00f6nsten Farben. Der Geschmack reicht von s\u00e4uerlich bis herrlich frisch-s\u00fc\u00df und manchmal leicht bitter, und die Variationen sind endlos.<\/p>","protected":false},"featured_media":148515,"template":"","meta":{"_seopress_robots_primary_cat":"","_seopress_titles_title":"","_seopress_titles_desc":"","_seopress_robots_index":""},"product_brand":[],"product_cat":[159,194],"product_tag":[],"woo-feed-brand":[],"class_list":{"0":"post-140325","1":"product","2":"type-product","3":"status-publish","4":"has-post-thumbnail","6":"product_cat-3dmolds","7":"product_cat-realistic","9":"first","10":"instock","11":"taxable","12":"shipping-taxable","13":"purchasable","14":"product-type-simple"},"_links":{"self":[{"href":"https:\/\/shop.moldbrothers.com\/de\/wp-json\/wp\/v2\/product\/140325","targetHints":{"allow":["GET"]}}],"collection":[{"href":"https:\/\/shop.moldbrothers.com\/de\/wp-json\/wp\/v2\/product"}],"about":[{"href":"https:\/\/shop.moldbrothers.com\/de\/wp-json\/wp\/v2\/types\/product"}],"wp:featuredmedia":[{"embeddable":true,"href":"https:\/\/shop.moldbrothers.com\/de\/wp-json\/wp\/v2\/media\/148515"}],"wp:attachment":[{"href":"https:\/\/shop.moldbrothers.com\/de\/wp-json\/wp\/v2\/media?parent=140325"}],"wp:term":[{"taxonomy":"product_brand","embeddable":true,"href":"https:\/\/shop.moldbrothers.com\/de\/wp-json\/wp\/v2\/product_brand?post=140325"},{"taxonomy":"product_cat","embeddable":true,"href":"https:\/\/shop.moldbrothers.com\/de\/wp-json\/wp\/v2\/product_cat?post=140325"},{"taxonomy":"product_tag","embeddable":true,"href":"https:\/\/shop.moldbrothers.com\/de\/wp-json\/wp\/v2\/product_tag?post=140325"},{"taxonomy":"woo-feed-brand","embeddable":true,"href":"https:\/\/shop.moldbrothers.com\/de\/wp-json\/wp\/v2\/woo-feed-brand?post=140325"}],"curies":[{"name":"wp","href":"https:\/\/api.w.org\/{rel}","templated":true}]}}