{"id":140209,"date":"2023-03-14T10:46:34","date_gmt":"2023-03-14T09:46:34","guid":{"rendered":"https:\/\/moldbrothers.nl\/?post_type=product&#038;p=140209"},"modified":"2026-03-24T16:33:22","modified_gmt":"2026-03-24T15:33:22","slug":"butter-mold-2","status":"publish","type":"product","link":"https:\/\/shop.moldbrothers.com\/de\/produkt\/butter-mold-2\/","title":{"rendered":"Butterkegel Mold"},"content":{"rendered":"<div>Eine hochwertige Silikonform zum Formen Ihrer Butter. Die Form enth\u00e4lt 4 Formen und besteht aus lebensmittelechtem Silikon 100%.<\/div>\n<div><\/div>\n<div>Die Form kann einer Temperatur zwischen -40 \u00b0C und +200 \u00b0C standhalten. Die Form ist daher sowohl f\u00fcr die (Schock-)Gefriertruhe als auch f\u00fcr den Backofen geeignet.<\/div>\n<div><\/div>\n<div><strong>Gr\u00f6\u00dfe pro Form: 4,5 \u00d8 cm x 4,2 cm<br \/>\nFassungsverm\u00f6gen: 30 ml.<br \/>\n<\/strong><strong>Anzahl Formen: 6 Stk.<br \/>\nGewicht: 533 Gramm<\/strong><\/div>","protected":false},"excerpt":{"rendered":"<h2 style=\"text-align: center;\">Butter<\/h2>\n<p style=\"text-align: center;\">Wir sehen es \u00fcberall auf der Welt und die Geschmacksvariationen sind endlos. Diese Form ist von der weltber\u00fchmten Butterform Bretagne inspiriert. Die Mehrzweck-Butterform ist in Qualit\u00e4t und Form un\u00fcbertroffen.<\/p>","protected":false},"featured_media":140213,"template":"","meta":{"_seopress_robots_primary_cat":"","_seopress_titles_title":"","_seopress_titles_desc":"","_seopress_robots_index":""},"product_brand":[],"product_cat":[159,193,231],"product_tag":[],"woo-feed-brand":[],"class_list":{"0":"post-140209","1":"product","2":"type-product","3":"status-publish","4":"has-post-thumbnail","6":"product_cat-3dmolds","7":"product_cat-essentials","8":"product_cat-hidden","10":"first","11":"instock","12":"taxable","13":"shipping-taxable","14":"purchasable","15":"product-type-simple"},"_links":{"self":[{"href":"https:\/\/shop.moldbrothers.com\/de\/wp-json\/wp\/v2\/product\/140209","targetHints":{"allow":["GET"]}}],"collection":[{"href":"https:\/\/shop.moldbrothers.com\/de\/wp-json\/wp\/v2\/product"}],"about":[{"href":"https:\/\/shop.moldbrothers.com\/de\/wp-json\/wp\/v2\/types\/product"}],"wp:featuredmedia":[{"embeddable":true,"href":"https:\/\/shop.moldbrothers.com\/de\/wp-json\/wp\/v2\/media\/140213"}],"wp:attachment":[{"href":"https:\/\/shop.moldbrothers.com\/de\/wp-json\/wp\/v2\/media?parent=140209"}],"wp:term":[{"taxonomy":"product_brand","embeddable":true,"href":"https:\/\/shop.moldbrothers.com\/de\/wp-json\/wp\/v2\/product_brand?post=140209"},{"taxonomy":"product_cat","embeddable":true,"href":"https:\/\/shop.moldbrothers.com\/de\/wp-json\/wp\/v2\/product_cat?post=140209"},{"taxonomy":"product_tag","embeddable":true,"href":"https:\/\/shop.moldbrothers.com\/de\/wp-json\/wp\/v2\/product_tag?post=140209"},{"taxonomy":"woo-feed-brand","embeddable":true,"href":"https:\/\/shop.moldbrothers.com\/de\/wp-json\/wp\/v2\/woo-feed-brand?post=140209"}],"curies":[{"name":"wp","href":"https:\/\/api.w.org\/{rel}","templated":true}]}}