{"id":136547,"date":"2022-12-20T17:23:42","date_gmt":"2022-12-20T16:23:42","guid":{"rendered":"https:\/\/moldbrothers.nl\/?post_type=product&#038;p=136547"},"modified":"2025-11-27T12:01:12","modified_gmt":"2025-11-27T11:01:12","slug":"zylinderschablone","status":"publish","type":"product","link":"https:\/\/shop.moldbrothers.com\/de\/produkt\/zylinderschablone\/","title":{"rendered":"Zylinderschablone 18 cm"},"content":{"rendered":"<p>Diese Zylinderschablone besteht aus 1 mm dickem Polystyrol und kann zum Auftragen von d\u00fcnnen Tuilles, z.B. Isomalt oder Baiser, verwendet werden.<\/p>\n<p>Die Schablone ist\u00a0<strong>nicht<\/strong>\u00a0sp\u00fclmaschinenfest. Wir empfehlen, die Schablone mit lauwarmem Wasser (40\u00b0C) ohne Verwendung von Reinigungsmitteln abzusp\u00fclen.<\/p>\n<p><strong>Gr\u00f6\u00dfe Schablone: 42 cm x 29,7 cm<br \/>\n<\/strong><strong>Gr\u00f6\u00dfe Form: 18 cm Breite x 4 cm L\u00e4nge<br \/>\nAnzahl Formen: 9 Stk.<br \/>\nGewicht: 50 Gramm<\/strong><\/p>","protected":false},"excerpt":{"rendered":"<h2>Zylinderschablone<\/h2>\n<p>Unsere Cilinder-Schablone sieht noch nicht aus wie ein Cilinder. Bestreichen Sie die Schablone mit etwas Tuillebatterie oder einer Mischung aus Gem\u00fcsep\u00fcree, Isomalt und Glukose und trocknen Sie sie bei 120 Grad Celsius. Nach einer Stunde k\u00f6nnen Sie die Cilinders mit einem unserer Stanzer oder einem Nudelholz vorsichtig formen.<\/p>","protected":false},"featured_media":143360,"template":"","meta":{"_seopress_robots_primary_cat":"none","_seopress_titles_title":"","_seopress_titles_desc":"","_seopress_robots_index":""},"product_brand":[],"product_cat":[170,198,231],"product_tag":[],"woo-feed-brand":[],"class_list":{"0":"post-136547","1":"product","2":"type-product","3":"status-publish","4":"has-post-thumbnail","6":"product_cat-stencils","7":"product_cat-a3-stencils","8":"product_cat-hidden","10":"first","11":"instock","12":"taxable","13":"shipping-taxable","14":"purchasable","15":"product-type-simple"},"_links":{"self":[{"href":"https:\/\/shop.moldbrothers.com\/de\/wp-json\/wp\/v2\/product\/136547","targetHints":{"allow":["GET"]}}],"collection":[{"href":"https:\/\/shop.moldbrothers.com\/de\/wp-json\/wp\/v2\/product"}],"about":[{"href":"https:\/\/shop.moldbrothers.com\/de\/wp-json\/wp\/v2\/types\/product"}],"wp:featuredmedia":[{"embeddable":true,"href":"https:\/\/shop.moldbrothers.com\/de\/wp-json\/wp\/v2\/media\/143360"}],"wp:attachment":[{"href":"https:\/\/shop.moldbrothers.com\/de\/wp-json\/wp\/v2\/media?parent=136547"}],"wp:term":[{"taxonomy":"product_brand","embeddable":true,"href":"https:\/\/shop.moldbrothers.com\/de\/wp-json\/wp\/v2\/product_brand?post=136547"},{"taxonomy":"product_cat","embeddable":true,"href":"https:\/\/shop.moldbrothers.com\/de\/wp-json\/wp\/v2\/product_cat?post=136547"},{"taxonomy":"product_tag","embeddable":true,"href":"https:\/\/shop.moldbrothers.com\/de\/wp-json\/wp\/v2\/product_tag?post=136547"},{"taxonomy":"woo-feed-brand","embeddable":true,"href":"https:\/\/shop.moldbrothers.com\/de\/wp-json\/wp\/v2\/woo-feed-brand?post=136547"}],"curies":[{"name":"wp","href":"https:\/\/api.w.org\/{rel}","templated":true}]}}