{"id":129996,"date":"2022-07-19T11:23:10","date_gmt":"2022-07-19T09:23:10","guid":{"rendered":"https:\/\/moldbrothers.nl\/?post_type=product&#038;p=129996"},"modified":"2026-01-13T09:16:26","modified_gmt":"2026-01-13T08:16:26","slug":"set-zum-pressen-von-blumen","status":"publish","type":"product","link":"https:\/\/shop.moldbrothers.com\/de\/produkt\/set-zum-pressen-von-blumen\/","title":{"rendered":"Blumenpressset"},"content":{"rendered":"<div class=\"grid grid-cols-1 lg:grid-cols-2 lg:gap-12\"><div class=\"col-span-1 self-center\"><figure class=\"h-[clamp(200px,40vw,600px)!important]\"><img decoding=\"async\" class=\"w-full h-full object-cover object-center rounded-2xl\" src=\"https:\/\/shop.moldbrothers.com\/wp-content\/uploads\/2022\/07\/DSC03279-scaled-e1684074511240.jpg\" alt=\"\" \/><\/figure><\/div><div class=\"col-span-1 self-center\"><div class=\"lg:pl-20\"><\/p>\n<h6>Zusammenarbeit<\/h6>\n<h2>Mike Cornelissen<\/h2>\n<p>Konzipiert zusammen mit K\u00fcchenchef Mike Cornelissen vom Restaurant Rijnzicht*. Mike war auf der Suche nach einer geschmackvollen M\u00f6glichkeit, die Blumen in seinem Garten auf dem Teller darzustellen. Wir haben dieses unglaubliche Blumenpressset entwickelt, um dieses Gericht oder viele andere Versionen mit vielen verschiedenen Geschmacksrichtungen zuzubereiten. Seien Sie kreativ!<\/div><\/div><\/div>","protected":false},"excerpt":{"rendered":"<p>Dieses hochwertige Set enth\u00e4lt eine Silikonpressform und eine Acrylschablone. Die Silikonform in Form eines realistischen Blumenblatts besteht aus zwei Teilen, die genau zusammenpassen, und ist aus lebensmittelechtem Silikon 100% hergestellt. Sie ist temperaturbest\u00e4ndig zwischen -40\u00b0C und +200\u00b0C und damit sowohl f\u00fcr den (Schock-)Gefrierschrank als auch f\u00fcr den Backofen geeignet. Die Schablone ist nicht sp\u00fclmaschinenfest - wir empfehlen, sie mit lauwarmem Wasser (40\u00b0C) ohne Reinigungsmittel abzusp\u00fclen.<\/p>","protected":false},"featured_media":129999,"template":"","meta":{"_seopress_robots_primary_cat":"none","_seopress_titles_title":"","_seopress_titles_desc":"","_seopress_robots_index":""},"product_brand":[],"product_cat":[202],"product_tag":[],"woo-feed-brand":[],"class_list":{"0":"post-129996","1":"product","2":"type-product","3":"status-publish","4":"has-post-thumbnail","6":"product_cat-pressing-kits","8":"first","9":"instock","10":"taxable","11":"shipping-taxable","12":"product-type-grouped"},"_links":{"self":[{"href":"https:\/\/shop.moldbrothers.com\/de\/wp-json\/wp\/v2\/product\/129996","targetHints":{"allow":["GET"]}}],"collection":[{"href":"https:\/\/shop.moldbrothers.com\/de\/wp-json\/wp\/v2\/product"}],"about":[{"href":"https:\/\/shop.moldbrothers.com\/de\/wp-json\/wp\/v2\/types\/product"}],"wp:featuredmedia":[{"embeddable":true,"href":"https:\/\/shop.moldbrothers.com\/de\/wp-json\/wp\/v2\/media\/129999"}],"wp:attachment":[{"href":"https:\/\/shop.moldbrothers.com\/de\/wp-json\/wp\/v2\/media?parent=129996"}],"wp:term":[{"taxonomy":"product_brand","embeddable":true,"href":"https:\/\/shop.moldbrothers.com\/de\/wp-json\/wp\/v2\/product_brand?post=129996"},{"taxonomy":"product_cat","embeddable":true,"href":"https:\/\/shop.moldbrothers.com\/de\/wp-json\/wp\/v2\/product_cat?post=129996"},{"taxonomy":"product_tag","embeddable":true,"href":"https:\/\/shop.moldbrothers.com\/de\/wp-json\/wp\/v2\/product_tag?post=129996"},{"taxonomy":"woo-feed-brand","embeddable":true,"href":"https:\/\/shop.moldbrothers.com\/de\/wp-json\/wp\/v2\/woo-feed-brand?post=129996"}],"curies":[{"name":"wp","href":"https:\/\/api.w.org\/{rel}","templated":true}]}}