{"id":127917,"date":"2022-05-25T15:21:45","date_gmt":"2022-05-25T13:21:45","guid":{"rendered":"https:\/\/moldbrothers.nl\/?post_type=product&#038;p=127917"},"modified":"2026-03-12T10:02:03","modified_gmt":"2026-03-12T09:02:03","slug":"kuchen-tee-oval","status":"publish","type":"product","link":"https:\/\/shop.moldbrothers.com\/de\/produkt\/kuchen-tee-oval\/","title":{"rendered":"Oval Pie Tee"},"content":{"rendered":"","protected":false},"excerpt":{"rendered":"<p>Dieser hochwertige Aluminiumstempel mit der Form eines ovalen T\u00f6rtchens eignet sich perfekt f\u00fcr warme und kalte Zubereitungen. Er wurde entwickelt, um d\u00fcnne, knusprige Teigt\u00f6rtchen\/Croustades herzustellen, die anschlie\u00dfend gef\u00fcllt werden k\u00f6nnen - ideal f\u00fcr nette Amuses oder raffinierte kleine H\u00e4ppchen.<\/p>","protected":false},"featured_media":127922,"template":"","meta":{"_seopress_robots_primary_cat":"none","_seopress_titles_title":"","_seopress_titles_desc":"","_seopress_robots_index":""},"product_brand":[],"product_cat":[362],"product_tag":[507,508,523,912,595,599,596,598,597],"woo-feed-brand":[],"class_list":{"0":"post-127917","1":"product","2":"type-product","3":"status-publish","4":"has-post-thumbnail","6":"product_cat-bunuelos-pie-tee","7":"product_tag-batter","8":"product_tag-beslag","9":"product_tag-bloem","10":"product_tag-croustade","11":"product_tag-fry","12":"product_tag-oil","13":"product_tag-stamp","14":"product_tag-tool","15":"product_tag-tools","17":"first","18":"instock","19":"taxable","20":"shipping-taxable","21":"purchasable","22":"product-type-simple"},"_links":{"self":[{"href":"https:\/\/shop.moldbrothers.com\/de\/wp-json\/wp\/v2\/product\/127917","targetHints":{"allow":["GET"]}}],"collection":[{"href":"https:\/\/shop.moldbrothers.com\/de\/wp-json\/wp\/v2\/product"}],"about":[{"href":"https:\/\/shop.moldbrothers.com\/de\/wp-json\/wp\/v2\/types\/product"}],"wp:featuredmedia":[{"embeddable":true,"href":"https:\/\/shop.moldbrothers.com\/de\/wp-json\/wp\/v2\/media\/127922"}],"wp:attachment":[{"href":"https:\/\/shop.moldbrothers.com\/de\/wp-json\/wp\/v2\/media?parent=127917"}],"wp:term":[{"taxonomy":"product_brand","embeddable":true,"href":"https:\/\/shop.moldbrothers.com\/de\/wp-json\/wp\/v2\/product_brand?post=127917"},{"taxonomy":"product_cat","embeddable":true,"href":"https:\/\/shop.moldbrothers.com\/de\/wp-json\/wp\/v2\/product_cat?post=127917"},{"taxonomy":"product_tag","embeddable":true,"href":"https:\/\/shop.moldbrothers.com\/de\/wp-json\/wp\/v2\/product_tag?post=127917"},{"taxonomy":"woo-feed-brand","embeddable":true,"href":"https:\/\/shop.moldbrothers.com\/de\/wp-json\/wp\/v2\/woo-feed-brand?post=127917"}],"curies":[{"name":"wp","href":"https:\/\/api.w.org\/{rel}","templated":true}]}}