{"id":125492,"date":"2020-10-05T09:10:53","date_gmt":"2020-10-05T07:10:53","guid":{"rendered":"https:\/\/moldbrothers.nl\/?post_type=product&#038;p=125492"},"modified":"2025-11-18T09:01:53","modified_gmt":"2025-11-18T08:01:53","slug":"blattpressset","status":"publish","type":"product","link":"https:\/\/shop.moldbrothers.com\/de\/produkt\/blattpressset\/","title":{"rendered":"Blattpressset"},"content":{"rendered":"","protected":false},"excerpt":{"rendered":"<p>Dieses hochwertige Set enth\u00e4lt eine Silikonpresse, eine passende Silikonpressform und eine Acrylschablone mit 23 Formen. Die Schablone besteht aus lebensmittelechtem Acryl, perfekt f\u00fcr sauberes und gleichm\u00e4\u00dfiges Formen. Die Presse besteht aus 100% lebensmittelechtem Silikon, das hitzebest\u00e4ndig, langlebig und f\u00fcr den t\u00e4glichen Gebrauch in der K\u00fcche geeignet ist.<\/p>\n<p>Diese Presse ist geeignet f\u00fcr alle Schablonen von\u00a0<a href=\"https:\/\/shop.moldbrothers.com\/de\/produkt\/leaf-stencil-case\/\" target=\"_blank\" rel=\"noopener\">Blatt-Schablonen-Etui<\/a>,\u00a0<a href=\"https:\/\/shop.moldbrothers.com\/de\/produkt\/herb-stencil-case\/\">Kr\u00e4uter-Schablonen-Etui <\/a>und die\u00a0<a href=\"https:\/\/shop.moldbrothers.com\/de\/produkt\/shiso-schablone\/\" target=\"_blank\" rel=\"noopener\">Shiso-Schablone<\/a><\/p>","protected":false},"featured_media":143600,"template":"","meta":{"_seopress_robots_primary_cat":"none","_seopress_titles_title":"","_seopress_titles_desc":"","_seopress_robots_index":""},"product_brand":[],"product_cat":[202],"product_tag":[],"woo-feed-brand":[],"class_list":{"0":"post-125492","1":"product","2":"type-product","3":"status-publish","4":"has-post-thumbnail","6":"product_cat-pressing-kits","8":"first","9":"instock","10":"sale","11":"taxable","12":"shipping-taxable","13":"product-type-grouped"},"_links":{"self":[{"href":"https:\/\/shop.moldbrothers.com\/de\/wp-json\/wp\/v2\/product\/125492","targetHints":{"allow":["GET"]}}],"collection":[{"href":"https:\/\/shop.moldbrothers.com\/de\/wp-json\/wp\/v2\/product"}],"about":[{"href":"https:\/\/shop.moldbrothers.com\/de\/wp-json\/wp\/v2\/types\/product"}],"wp:featuredmedia":[{"embeddable":true,"href":"https:\/\/shop.moldbrothers.com\/de\/wp-json\/wp\/v2\/media\/143600"}],"wp:attachment":[{"href":"https:\/\/shop.moldbrothers.com\/de\/wp-json\/wp\/v2\/media?parent=125492"}],"wp:term":[{"taxonomy":"product_brand","embeddable":true,"href":"https:\/\/shop.moldbrothers.com\/de\/wp-json\/wp\/v2\/product_brand?post=125492"},{"taxonomy":"product_cat","embeddable":true,"href":"https:\/\/shop.moldbrothers.com\/de\/wp-json\/wp\/v2\/product_cat?post=125492"},{"taxonomy":"product_tag","embeddable":true,"href":"https:\/\/shop.moldbrothers.com\/de\/wp-json\/wp\/v2\/product_tag?post=125492"},{"taxonomy":"woo-feed-brand","embeddable":true,"href":"https:\/\/shop.moldbrothers.com\/de\/wp-json\/wp\/v2\/woo-feed-brand?post=125492"}],"curies":[{"name":"wp","href":"https:\/\/api.w.org\/{rel}","templated":true}]}}