{"id":124102,"date":"2022-02-07T16:28:20","date_gmt":"2022-02-07T15:28:20","guid":{"rendered":"https:\/\/moldbrothers.nl\/?post_type=product&#038;p=124102"},"modified":"2025-11-18T09:09:06","modified_gmt":"2025-11-18T08:09:06","slug":"ribble-disc-press-kit","status":"publish","type":"product","link":"https:\/\/shop.moldbrothers.com\/de\/produkt\/ribble-disc-press-kit\/","title":{"rendered":"Ribble-Disc-Press-Set"},"content":{"rendered":"","protected":false},"excerpt":{"rendered":"<p>Diese Silikon-Pressform in Form einer Ribble Disc ist aus lebensmittelechtem Silikon 100% hergestellt. Die Form besteht aus zwei passgenauen Teilen mit einem Durchmesser von jeweils 7,8 cm und einer H\u00f6he von 2 cm pro H\u00e4lfte. Die Schablone ist nicht sp\u00fclmaschinenfest - wir empfehlen, sie mit lauwarmem Wasser (40\u00b0C) ohne Reinigungsmittel abzusp\u00fclen.<\/p>","protected":false},"featured_media":143622,"template":"","meta":{"_seopress_robots_primary_cat":"none","_seopress_titles_title":"","_seopress_titles_desc":"","_seopress_robots_index":""},"product_brand":[],"product_cat":[202],"product_tag":[],"woo-feed-brand":[],"class_list":{"0":"post-124102","1":"product","2":"type-product","3":"status-publish","4":"has-post-thumbnail","6":"product_cat-pressing-kits","8":"first","9":"instock","10":"sale","11":"taxable","12":"shipping-taxable","13":"product-type-grouped"},"_links":{"self":[{"href":"https:\/\/shop.moldbrothers.com\/de\/wp-json\/wp\/v2\/product\/124102","targetHints":{"allow":["GET"]}}],"collection":[{"href":"https:\/\/shop.moldbrothers.com\/de\/wp-json\/wp\/v2\/product"}],"about":[{"href":"https:\/\/shop.moldbrothers.com\/de\/wp-json\/wp\/v2\/types\/product"}],"wp:featuredmedia":[{"embeddable":true,"href":"https:\/\/shop.moldbrothers.com\/de\/wp-json\/wp\/v2\/media\/143622"}],"wp:attachment":[{"href":"https:\/\/shop.moldbrothers.com\/de\/wp-json\/wp\/v2\/media?parent=124102"}],"wp:term":[{"taxonomy":"product_brand","embeddable":true,"href":"https:\/\/shop.moldbrothers.com\/de\/wp-json\/wp\/v2\/product_brand?post=124102"},{"taxonomy":"product_cat","embeddable":true,"href":"https:\/\/shop.moldbrothers.com\/de\/wp-json\/wp\/v2\/product_cat?post=124102"},{"taxonomy":"product_tag","embeddable":true,"href":"https:\/\/shop.moldbrothers.com\/de\/wp-json\/wp\/v2\/product_tag?post=124102"},{"taxonomy":"woo-feed-brand","embeddable":true,"href":"https:\/\/shop.moldbrothers.com\/de\/wp-json\/wp\/v2\/woo-feed-brand?post=124102"}],"curies":[{"name":"wp","href":"https:\/\/api.w.org\/{rel}","templated":true}]}}