{"id":101212,"date":"2021-09-28T10:54:01","date_gmt":"2021-09-28T08:54:01","guid":{"rendered":"https:\/\/moldbrothers.nl\/?post_type=product&#038;p=101212"},"modified":"2025-05-19T14:50:01","modified_gmt":"2025-05-19T12:50:01","slug":"optik-sphare-form","status":"publish","type":"product","link":"https:\/\/shop.moldbrothers.com\/de\/produkt\/optik-sphare-form\/","title":{"rendered":"Linsenraster Mold - 1 St\u00fcck"},"content":{"rendered":"","protected":false},"excerpt":{"rendered":"<p>Diese Pr\u00e4zisionsform besteht aus lebensmittelechtem Silikon 100% und ist bis zu 200\u00b0C hitzebest\u00e4ndig. <em>optisches Muster<\/em> und sorgt daf\u00fcr, dass Tuilles mit gleichm\u00e4\u00dfiger Form und scharfen Details gebacken werden.<\/p>","protected":false},"featured_media":183688,"template":"","meta":{"_seopress_robots_primary_cat":"none","_seopress_titles_title":"","_seopress_titles_desc":"","_seopress_robots_index":"yes"},"product_brand":[],"product_cat":[228,1278,203,231],"product_tag":[573,574,572,495,558,519],"woo-feed-brand":[],"class_list":{"0":"post-101212","1":"product","2":"type-product","3":"status-publish","4":"has-post-thumbnail","6":"product_cat-2dmolds","7":"product_cat-grid-ring","8":"product_cat-graphic","9":"product_cat-hidden","10":"product_tag-geometric","11":"product_tag-geometrisch","12":"product_tag-optisch","13":"product_tag-tuile","14":"product_tag-tuille","15":"product_tag-tuille-forme","17":"first","18":"instock","19":"taxable","20":"shipping-taxable","21":"purchasable","22":"product-type-simple"},"_links":{"self":[{"href":"https:\/\/shop.moldbrothers.com\/de\/wp-json\/wp\/v2\/product\/101212","targetHints":{"allow":["GET"]}}],"collection":[{"href":"https:\/\/shop.moldbrothers.com\/de\/wp-json\/wp\/v2\/product"}],"about":[{"href":"https:\/\/shop.moldbrothers.com\/de\/wp-json\/wp\/v2\/types\/product"}],"wp:featuredmedia":[{"embeddable":true,"href":"https:\/\/shop.moldbrothers.com\/de\/wp-json\/wp\/v2\/media\/183688"}],"wp:attachment":[{"href":"https:\/\/shop.moldbrothers.com\/de\/wp-json\/wp\/v2\/media?parent=101212"}],"wp:term":[{"taxonomy":"product_brand","embeddable":true,"href":"https:\/\/shop.moldbrothers.com\/de\/wp-json\/wp\/v2\/product_brand?post=101212"},{"taxonomy":"product_cat","embeddable":true,"href":"https:\/\/shop.moldbrothers.com\/de\/wp-json\/wp\/v2\/product_cat?post=101212"},{"taxonomy":"product_tag","embeddable":true,"href":"https:\/\/shop.moldbrothers.com\/de\/wp-json\/wp\/v2\/product_tag?post=101212"},{"taxonomy":"woo-feed-brand","embeddable":true,"href":"https:\/\/shop.moldbrothers.com\/de\/wp-json\/wp\/v2\/woo-feed-brand?post=101212"}],"curies":[{"name":"wp","href":"https:\/\/api.w.org\/{rel}","templated":true}]}}