{"id":101029,"date":"2021-09-27T17:29:08","date_gmt":"2021-09-27T15:29:08","guid":{"rendered":"https:\/\/moldbrothers.nl\/?post_type=product&#038;p=101029"},"modified":"2026-03-25T08:43:09","modified_gmt":"2026-03-25T07:43:09","slug":"optik-tuille-form-gros","status":"publish","type":"product","link":"https:\/\/shop.moldbrothers.com\/de\/produkt\/optik-tuille-form-gros\/","title":{"rendered":"Optik Tuille Gro\u00df - 1 St\u00fcck"},"content":{"rendered":"","protected":false},"excerpt":{"rendered":"<p>Diese Pr\u00e4zisionsform besteht aus lebensmittelechtem Silikon 100% und ist bis zu 200\u00b0C hitzebest\u00e4ndig. <em>optisches geometrisches Muster<\/em> und sorgt daf\u00fcr, dass Tuilles mit gleichm\u00e4\u00dfiger Form und scharfen Details gebacken werden.<\/p>","protected":false},"featured_media":183692,"template":"","meta":{"_seopress_robots_primary_cat":"none","_seopress_titles_title":"","_seopress_titles_desc":"","_seopress_robots_index":"yes"},"product_brand":[],"product_cat":[228,1278,231],"product_tag":[573,574,572,495,558,519],"woo-feed-brand":[],"class_list":{"0":"post-101029","1":"product","2":"type-product","3":"status-publish","4":"has-post-thumbnail","6":"product_cat-2dmolds","7":"product_cat-grid-ring","8":"product_cat-hidden","9":"product_tag-geometric","10":"product_tag-geometrisch","11":"product_tag-optisch","12":"product_tag-tuile","13":"product_tag-tuille","14":"product_tag-tuille-forme","16":"first","17":"instock","18":"taxable","19":"shipping-taxable","20":"purchasable","21":"product-type-simple"},"_links":{"self":[{"href":"https:\/\/shop.moldbrothers.com\/de\/wp-json\/wp\/v2\/product\/101029","targetHints":{"allow":["GET"]}}],"collection":[{"href":"https:\/\/shop.moldbrothers.com\/de\/wp-json\/wp\/v2\/product"}],"about":[{"href":"https:\/\/shop.moldbrothers.com\/de\/wp-json\/wp\/v2\/types\/product"}],"wp:featuredmedia":[{"embeddable":true,"href":"https:\/\/shop.moldbrothers.com\/de\/wp-json\/wp\/v2\/media\/183692"}],"wp:attachment":[{"href":"https:\/\/shop.moldbrothers.com\/de\/wp-json\/wp\/v2\/media?parent=101029"}],"wp:term":[{"taxonomy":"product_brand","embeddable":true,"href":"https:\/\/shop.moldbrothers.com\/de\/wp-json\/wp\/v2\/product_brand?post=101029"},{"taxonomy":"product_cat","embeddable":true,"href":"https:\/\/shop.moldbrothers.com\/de\/wp-json\/wp\/v2\/product_cat?post=101029"},{"taxonomy":"product_tag","embeddable":true,"href":"https:\/\/shop.moldbrothers.com\/de\/wp-json\/wp\/v2\/product_tag?post=101029"},{"taxonomy":"woo-feed-brand","embeddable":true,"href":"https:\/\/shop.moldbrothers.com\/de\/wp-json\/wp\/v2\/woo-feed-brand?post=101029"}],"curies":[{"name":"wp","href":"https:\/\/api.w.org\/{rel}","templated":true}]}}