{"id":95251,"date":"2023-04-25T18:18:46","date_gmt":"2023-04-25T16:18:46","guid":{"rendered":"https:\/\/moldbrothers.nl\/?page_id=95251"},"modified":"2023-11-02T07:34:46","modified_gmt":"2023-11-02T06:34:46","slug":"warranty-returns","status":"publish","type":"page","link":"https:\/\/shop.moldbrothers.com\/de\/warranty-returns\/","title":{"rendered":"Garantie &amp; R\u00fcckgabe"},"content":{"rendered":"<h1>Garantie &amp; R\u00fccksendungen<\/h1>\n<p>Wir m\u00f6chten, dass Sie mit Ihrem Kauf rundum zufrieden sind. Deshalb bieten wir die folgenden Garantie- und R\u00fcckgabebedingungen an.<\/p>\n<p><strong>Garantie<\/strong>:<br \/>\nMoldBrothers bietet eine Garantie auf alle Produkte, die direkt von unserer Website oder auf Anfrage des Kunden gekauft werden. Unsere Garantie deckt Material- und Verarbeitungsfehler f\u00fcr einen Zeitraum von zwei Jahren ab dem Kaufdatum ab. Sollten Sie w\u00e4hrend dieser Zeit Probleme mit Ihrem MoldBrothers-Produkt haben, setzen Sie sich bitte umgehend mit uns in Verbindung und legen Sie Ihren Kaufbeleg vor. Wir werden mit Ihnen zusammenarbeiten, um das Problem so schnell wie m\u00f6glich zu beheben.<\/p>\n<p>Bitte beachten Sie, dass unsere Garantie keine Sch\u00e4den abdeckt, die durch unsachgem\u00e4\u00dfe Verwendung oder Pflege, Unfallsch\u00e4den oder normale Abnutzung entstehen. Wir behalten uns au\u00dferdem das Recht vor, zu bestimmen, ob ein Produkt unter die Garantie f\u00e4llt oder nicht.<\/p>\n<p><strong>Kehrt zur\u00fcck:<br \/>\n<\/strong>Wenn Sie aus irgendeinem Grund mit Ihrem MoldBrothers-Produkt nicht zufrieden sind, k\u00f6nnen Sie es innerhalb von 14 Tagen nach Erhalt gegen eine vollst\u00e4ndige R\u00fcckerstattung oder einen Umtausch zur\u00fcckgeben. Bitte kontaktieren Sie uns unter info@moldbrothers.nl, um den R\u00fcckgabevorgang einzuleiten.<\/p>\n<p>Um f\u00fcr eine R\u00fcckgabe berechtigt zu sein, muss sich das Produkt in seinem urspr\u00fcnglichen, unbenutzten Zustand befinden und alle Originalverpackungen und Zubeh\u00f6rteile enthalten. Sobald wir Ihren zur\u00fcckgegebenen Artikel erhalten haben, pr\u00fcfen wir ihn, um sicherzustellen, dass er unsere R\u00fcckgabekriterien erf\u00fcllt. Im Falle einer Genehmigung wird Ihre R\u00fcckerstattung innerhalb von 14 Tagen bearbeitet.<\/p>\n<p>MoldBrothers \u00fcbernimmt die Kosten f\u00fcr den R\u00fcckversand f\u00fcr Kunden innerhalb der EU. Kunden au\u00dferhalb der EU tragen die Kosten f\u00fcr die R\u00fccksendung selbst. Wir behalten uns au\u00dferdem das Recht vor, R\u00fccksendungen abzulehnen, die nicht unseren R\u00fcckgabekriterien entsprechen.<\/p>\n<p><strong>Impressum:<\/strong><br \/>\nAlle Gew\u00e4hrleistungsanspr\u00fcche und R\u00fccksendungen unterliegen niederl\u00e4ndischem und europ\u00e4ischem Recht. Alle Streitigkeiten zwischen MoldBrothers und unseren Kunden werden gem\u00e4\u00df niederl\u00e4ndischem und europ\u00e4ischem Recht beigelegt.<\/p>\n<p>Wenn Sie Fragen oder Bedenken zu unseren Garantie- und R\u00fcckgabebedingungen haben, z\u00f6gern Sie bitte nicht, uns zu kontaktieren. Wir sch\u00e4tzen Ihr Gesch\u00e4ft und sind bestrebt, Ihnen den bestm\u00f6glichen Service zu bieten.<\/p>","protected":false},"excerpt":{"rendered":"<p>Garantie &amp; R\u00fcckgabe Wir m\u00f6chten, dass Sie mit Ihrem Kauf vollkommen zufrieden sind, deshalb bieten wir Ihnen die folgenden Garantie- und R\u00fcckgabebedingungen. Garantie: MoldBrothers bietet eine Garantie auf alle Produkte, die direkt von unserer Website oder auf Anfrage des Kunden gekauft werden. Unsere Garantie deckt Material- und Verarbeitungsfehler f\u00fcr einen Zeitraum von zwei Jahren ab [...]<\/p>","protected":false},"author":5738,"featured_media":0,"parent":0,"menu_order":0,"comment_status":"closed","ping_status":"closed","template":"","meta":{"_seopress_robots_primary_cat":"","_seopress_titles_title":"%%post_title%% %%sep%% %%sitetitle%%","_seopress_titles_desc":"","_seopress_robots_index":"","footnotes":""},"class_list":["post-95251","page","type-page","status-publish","hentry"],"_links":{"self":[{"href":"https:\/\/shop.moldbrothers.com\/de\/wp-json\/wp\/v2\/pages\/95251","targetHints":{"allow":["GET"]}}],"collection":[{"href":"https:\/\/shop.moldbrothers.com\/de\/wp-json\/wp\/v2\/pages"}],"about":[{"href":"https:\/\/shop.moldbrothers.com\/de\/wp-json\/wp\/v2\/types\/page"}],"author":[{"embeddable":true,"href":"https:\/\/shop.moldbrothers.com\/de\/wp-json\/wp\/v2\/users\/5738"}],"replies":[{"embeddable":true,"href":"https:\/\/shop.moldbrothers.com\/de\/wp-json\/wp\/v2\/comments?post=95251"}],"version-history":[{"count":2,"href":"https:\/\/shop.moldbrothers.com\/de\/wp-json\/wp\/v2\/pages\/95251\/revisions"}],"predecessor-version":[{"id":152840,"href":"https:\/\/shop.moldbrothers.com\/de\/wp-json\/wp\/v2\/pages\/95251\/revisions\/152840"}],"wp:attachment":[{"href":"https:\/\/shop.moldbrothers.com\/de\/wp-json\/wp\/v2\/media?parent=95251"}],"curies":[{"name":"wp","href":"https:\/\/api.w.org\/{rel}","templated":true}]}}