{"id":142139,"date":"2023-04-25T18:29:10","date_gmt":"2023-04-25T16:29:10","guid":{"rendered":"https:\/\/shop.moldbrothers.com\/?page_id=142139"},"modified":"2023-11-02T08:41:59","modified_gmt":"2023-11-02T07:41:59","slug":"delivery","status":"publish","type":"page","link":"https:\/\/shop.moldbrothers.com\/de\/delivery\/","title":{"rendered":"Lieferung"},"content":{"rendered":"<h1>Produktion und Versand<\/h1>\n<p class=\"mt-4 mb-4\">Alle unsere Produkte werden auf Bestellung handgefertigt. Daher k\u00f6nnen Sie eine kleine Verz\u00f6gerung w\u00e4hrend der Spitzenzeiten erleben. *Wir produzieren alles auf Anfrage und daher kann die Wartezeit in der Produktion variieren.<\/p>\n<p><strong>Versandzeiten:<\/strong><br \/>\nNL\/BE (1-2 Arbeitstage),<br \/>\nDE (1-2 Arbeitstage),<br \/>\nEuropa (2 Arbeitstage),<br \/>\nWeltweit (3-5 Arbeitstage).<\/p>\n<p>Vielen Dank f\u00fcr Ihre Geduld!<\/p>","protected":false},"excerpt":{"rendered":"<p>Produktion und Versand Alle unsere Produkte werden auf Bestellung handgefertigt. Daher kann es in Spitzenzeiten zu einer kleinen Verz\u00f6gerung kommen. *Wir produzieren alles auf Bestellung und daher kann die Wartezeit in der Produktion variieren. Versandzeiten: NL\/BE (1-2 Arbeitstage), DE (1-2 Arbeitstage), Europa (2 Arbeitstage), Weltweit (3-5 Arbeitstage). Vielen Dank f\u00fcr [...]<\/p>","protected":false},"author":5738,"featured_media":0,"parent":0,"menu_order":0,"comment_status":"closed","ping_status":"closed","template":"","meta":{"_seopress_robots_primary_cat":"","_seopress_titles_title":"%%post_title%% %%sep%% %%sitetitle%%","_seopress_titles_desc":"","_seopress_robots_index":"","footnotes":""},"class_list":["post-142139","page","type-page","status-publish","hentry"],"_links":{"self":[{"href":"https:\/\/shop.moldbrothers.com\/de\/wp-json\/wp\/v2\/pages\/142139","targetHints":{"allow":["GET"]}}],"collection":[{"href":"https:\/\/shop.moldbrothers.com\/de\/wp-json\/wp\/v2\/pages"}],"about":[{"href":"https:\/\/shop.moldbrothers.com\/de\/wp-json\/wp\/v2\/types\/page"}],"author":[{"embeddable":true,"href":"https:\/\/shop.moldbrothers.com\/de\/wp-json\/wp\/v2\/users\/5738"}],"replies":[{"embeddable":true,"href":"https:\/\/shop.moldbrothers.com\/de\/wp-json\/wp\/v2\/comments?post=142139"}],"version-history":[{"count":9,"href":"https:\/\/shop.moldbrothers.com\/de\/wp-json\/wp\/v2\/pages\/142139\/revisions"}],"predecessor-version":[{"id":152851,"href":"https:\/\/shop.moldbrothers.com\/de\/wp-json\/wp\/v2\/pages\/142139\/revisions\/152851"}],"wp:attachment":[{"href":"https:\/\/shop.moldbrothers.com\/de\/wp-json\/wp\/v2\/media?parent=142139"}],"curies":[{"name":"wp","href":"https:\/\/api.w.org\/{rel}","templated":true}]}}